{"id":14046,"date":"2025-10-09T09:49:52","date_gmt":"2025-10-09T09:49:52","guid":{"rendered":"http:\/\/hexexist.com\/product\/woocommerce-icin-cartflows-checkout-funnel-builder\/"},"modified":"2025-10-09T09:49:52","modified_gmt":"2025-10-09T09:49:52","slug":"woocommerce-icin-cartflows-checkout-funnel-builder","status":"publish","type":"product","link":"https:\/\/hexexist.com\/tr\/urun\/woocommerce-icin-cartflows-checkout-funnel-builder\/","title":{"rendered":"WooCommerce i\u00e7in CartFlows Checkout &amp; Funnel Builder"},"content":{"rendered":"<p>#1 CartFlows Checkout &amp; Funnel Builder for WooCommerce Y\u00fcksek D\u00f6n\u00fc\u015f\u00fcm Sa\u011flayan WooCommerce Ma\u011fazalar\u0131n\u0131n S\u0131rr\u0131 \u2605\u2605\u2605\u2605\u2605<\/p>\n","protected":false},"excerpt":{"rendered":"<p>#1 CartFlows Checkout &amp; Funnel Builder for WooCommerce Y\u00fcksek D\u00f6n\u00fc\u015f\u00fcm Sa\u011flayan WooCommerce Ma\u011fazalar\u0131n\u0131n S\u0131rr\u0131 \u2605\u2605\u2605\u2605\u2605<\/p>\n","protected":false},"featured_media":13049,"comment_status":"open","ping_status":"closed","template":"","meta":[],"product_brand":[],"product_cat":[1413],"product_tag":[2347,2346,2348,1459,1728],"class_list":{"0":"post-14046","1":"product","2":"type-product","3":"status-publish","4":"has-post-thumbnail","6":"product_cat-eklentiler","7":"product_tag-huni-olusturucu","8":"product_tag-ozel-odeme","9":"product_tag-satis-hunileri","10":"product_tag-woocommerce-tr","11":"product_tag-woocommerce-odeme","13":"first","14":"instock","15":"downloadable","16":"virtual","17":"product-type-simple"},"_links":{"self":[{"href":"https:\/\/hexexist.com\/tr\/wp-json\/wp\/v2\/product\/14046","targetHints":{"allow":["GET"]}}],"collection":[{"href":"https:\/\/hexexist.com\/tr\/wp-json\/wp\/v2\/product"}],"about":[{"href":"https:\/\/hexexist.com\/tr\/wp-json\/wp\/v2\/types\/product"}],"replies":[{"embeddable":true,"href":"https:\/\/hexexist.com\/tr\/wp-json\/wp\/v2\/comments?post=14046"}],"wp:featuredmedia":[{"embeddable":true,"href":"https:\/\/hexexist.com\/tr\/wp-json\/wp\/v2\/media\/13049"}],"wp:attachment":[{"href":"https:\/\/hexexist.com\/tr\/wp-json\/wp\/v2\/media?parent=14046"}],"wp:term":[{"taxonomy":"product_brand","embeddable":true,"href":"https:\/\/hexexist.com\/tr\/wp-json\/wp\/v2\/product_brand?post=14046"},{"taxonomy":"product_cat","embeddable":true,"href":"https:\/\/hexexist.com\/tr\/wp-json\/wp\/v2\/product_cat?post=14046"},{"taxonomy":"product_tag","embeddable":true,"href":"https:\/\/hexexist.com\/tr\/wp-json\/wp\/v2\/product_tag?post=14046"}],"curies":[{"name":"wp","href":"https:\/\/api.w.org\/{rel}","templated":true}]}}