{"id":14047,"date":"2025-10-09T09:49:53","date_gmt":"2025-10-09T09:49:53","guid":{"rendered":"http:\/\/hexexist.com\/product\/icindekiler-plus\/"},"modified":"2025-10-09T09:49:53","modified_gmt":"2025-10-09T09:49:53","slug":"icindekiler-plus","status":"publish","type":"product","link":"https:\/\/hexexist.com\/tr\/urun\/icindekiler-plus\/","title":{"rendered":"\u0130\u00e7indekiler Plus"},"content":{"rendered":"<p>Uzun sayfalar (ve \u00f6zel yaz\u0131 t\u00fcrleri) i\u00e7in otomatik olarak i\u00e7eri\u011fe \u00f6zg\u00fc bir dizin veya i\u00e7indekiler tablosu (TOC) olu\u015fturan g\u00fc\u00e7l\u00fc ancak kullan\u0131c\u0131 dostu bir eklenti. Bir i\u00e7indekiler eklentisinden daha fazlas\u0131 olan bu eklenti, sitenizin tamam\u0131ndaki sayfalar\u0131 ve\/veya kategorileri listeleyen bir site haritas\u0131 da \u00e7\u0131karabilir. <\/p>\n","protected":false},"excerpt":{"rendered":"<p>Uzun sayfalar (ve \u00f6zel yaz\u0131 t\u00fcrleri) i\u00e7in otomatik olarak i\u00e7eri\u011fe \u00f6zg\u00fc bir dizin veya i\u00e7indekiler tablosu (TOC) olu\u015fturan g\u00fc\u00e7l\u00fc ancak kullan\u0131c\u0131 dostu bir eklenti. Bir i\u00e7indekiler eklentisinden daha fazlas\u0131 olan bu eklenti, sitenizin tamam\u0131ndaki sayfalar\u0131 ve\/veya kategorileri listeleyen bir site haritas\u0131 da \u00e7\u0131karabilir.<\/p>\n","protected":false},"featured_media":13057,"comment_status":"open","ping_status":"closed","template":"","meta":[],"product_brand":[],"product_cat":[1413],"product_tag":[1723,1863,2345,2096,1864],"class_list":{"0":"post-14047","1":"product","2":"type-product","3":"status-publish","4":"has-post-thumbnail","6":"product_cat-eklentiler","7":"product_tag-cms-tr","8":"product_tag-icindekiler","9":"product_tag-indeksler","10":"product_tag-site-haritasi","11":"product_tag-toc-tr","13":"first","14":"instock","15":"downloadable","16":"virtual","17":"product-type-simple"},"_links":{"self":[{"href":"https:\/\/hexexist.com\/tr\/wp-json\/wp\/v2\/product\/14047","targetHints":{"allow":["GET"]}}],"collection":[{"href":"https:\/\/hexexist.com\/tr\/wp-json\/wp\/v2\/product"}],"about":[{"href":"https:\/\/hexexist.com\/tr\/wp-json\/wp\/v2\/types\/product"}],"replies":[{"embeddable":true,"href":"https:\/\/hexexist.com\/tr\/wp-json\/wp\/v2\/comments?post=14047"}],"wp:featuredmedia":[{"embeddable":true,"href":"https:\/\/hexexist.com\/tr\/wp-json\/wp\/v2\/media\/13057"}],"wp:attachment":[{"href":"https:\/\/hexexist.com\/tr\/wp-json\/wp\/v2\/media?parent=14047"}],"wp:term":[{"taxonomy":"product_brand","embeddable":true,"href":"https:\/\/hexexist.com\/tr\/wp-json\/wp\/v2\/product_brand?post=14047"},{"taxonomy":"product_cat","embeddable":true,"href":"https:\/\/hexexist.com\/tr\/wp-json\/wp\/v2\/product_cat?post=14047"},{"taxonomy":"product_tag","embeddable":true,"href":"https:\/\/hexexist.com\/tr\/wp-json\/wp\/v2\/product_tag?post=14047"}],"curies":[{"name":"wp","href":"https:\/\/api.w.org\/{rel}","templated":true}]}}