{"id":14048,"date":"2025-10-09T09:49:53","date_gmt":"2025-10-09T09:49:53","guid":{"rendered":"http:\/\/hexexist.com\/product\/omnisendden-haber-bultenleri-e-posta-pazarlama-sms-ve-pop-uplar\/"},"modified":"2025-10-09T09:49:53","modified_gmt":"2025-10-09T09:49:53","slug":"omnisendden-haber-bultenleri-e-posta-pazarlama-sms-ve-pop-uplar","status":"publish","type":"product","link":"https:\/\/hexexist.com\/tr\/urun\/omnisendden-haber-bultenleri-e-posta-pazarlama-sms-ve-pop-uplar\/","title":{"rendered":"Omnisend&#8217;den Haber B\u00fcltenleri, E-posta Pazarlama, SMS ve Pop-up&#8217;lar"},"content":{"rendered":"<p>Omnisend ile E-posta Pazarlama, hedef kitlenizle daha \u00f6nce hi\u00e7 olmad\u0131\u011f\u0131 gibi ba\u011flant\u0131 kurmak i\u00e7in e-posta pazarlaman\u0131n ve haber b\u00fcltenlerinin g\u00fcc\u00fcn\u00fc kullanman\u0131z\u0131 sa\u011flar.<\/p>\n","protected":false},"excerpt":{"rendered":"<p>Omnisend ile E-posta Pazarlama, hedef kitlenizle daha \u00f6nce hi\u00e7 olmad\u0131\u011f\u0131 gibi ba\u011flant\u0131 kurmak i\u00e7in e-posta pazarlaman\u0131n ve haber b\u00fcltenlerinin g\u00fcc\u00fcn\u00fc kullanman\u0131z\u0131 sa\u011flar.<\/p>\n","protected":false},"featured_media":13056,"comment_status":"open","ping_status":"closed","template":"","meta":[],"product_brand":[],"product_cat":[1413],"product_tag":[1432,1674,1431,1645,1675],"class_list":{"0":"post-14048","1":"product","2":"type-product","3":"status-publish","4":"has-post-thumbnail","6":"product_cat-eklentiler","7":"product_tag-bulten","8":"product_tag-e-posta-pazarlama","9":"product_tag-form-tr","10":"product_tag-pazarlama","11":"product_tag-sms-tr","13":"first","14":"instock","15":"downloadable","16":"virtual","17":"product-type-simple"},"_links":{"self":[{"href":"https:\/\/hexexist.com\/tr\/wp-json\/wp\/v2\/product\/14048","targetHints":{"allow":["GET"]}}],"collection":[{"href":"https:\/\/hexexist.com\/tr\/wp-json\/wp\/v2\/product"}],"about":[{"href":"https:\/\/hexexist.com\/tr\/wp-json\/wp\/v2\/types\/product"}],"replies":[{"embeddable":true,"href":"https:\/\/hexexist.com\/tr\/wp-json\/wp\/v2\/comments?post=14048"}],"wp:featuredmedia":[{"embeddable":true,"href":"https:\/\/hexexist.com\/tr\/wp-json\/wp\/v2\/media\/13056"}],"wp:attachment":[{"href":"https:\/\/hexexist.com\/tr\/wp-json\/wp\/v2\/media?parent=14048"}],"wp:term":[{"taxonomy":"product_brand","embeddable":true,"href":"https:\/\/hexexist.com\/tr\/wp-json\/wp\/v2\/product_brand?post=14048"},{"taxonomy":"product_cat","embeddable":true,"href":"https:\/\/hexexist.com\/tr\/wp-json\/wp\/v2\/product_cat?post=14048"},{"taxonomy":"product_tag","embeddable":true,"href":"https:\/\/hexexist.com\/tr\/wp-json\/wp\/v2\/product_tag?post=14048"}],"curies":[{"name":"wp","href":"https:\/\/api.w.org\/{rel}","templated":true}]}}