{"id":14049,"date":"2025-10-09T09:49:52","date_gmt":"2025-10-09T09:49:52","guid":{"rendered":"http:\/\/hexexist.com\/product\/simdi-ara-dugmesi-wordpress-icin-1-numarali-aramak-icin-tikla-dugmesi\/"},"modified":"2025-10-09T09:49:52","modified_gmt":"2025-10-09T09:49:52","slug":"simdi-ara-dugmesi-wordpress-icin-1-numarali-aramak-icin-tikla-dugmesi","status":"publish","type":"product","link":"https:\/\/hexexist.com\/tr\/urun\/simdi-ara-dugmesi-wordpress-icin-1-numarali-aramak-icin-tikla-dugmesi\/","title":{"rendered":"\u015eimdi Ara D\u00fc\u011fmesi WordPress i\u00e7in 1 Numaral\u0131 Aramak i\u00e7in T\u0131kla D\u00fc\u011fmesi"},"content":{"rendered":"<p>Bu eklenti ekran\u0131n alt k\u0131sm\u0131na bir \u015eimdi Ara D\u00fc\u011fmesi (t\u0131kla ve ara d\u00fc\u011fmesi) yerle\u015ftirir. Mobil ziyaret\u00e7ilerinizin elinde zaten bir telefon oldu\u011fu i\u00e7in bu eklenti, d\u00fc\u011fmeye basit bir dokunu\u015fla sizi aramalar\u0131n\u0131 sa\u011flayacakt\u0131r. \u0130leti\u015fim sayfas\u0131na gitmeye ve karma\u015f\u0131k kopyala\/yap\u0131\u015ft\u0131r i\u015flemlerine ya da telefon numaras\u0131n\u0131 ezberlemeye gerek yok!  <\/p>\n","protected":false},"excerpt":{"rendered":"<p>Bu eklenti ekran\u0131n alt k\u0131sm\u0131na bir \u015eimdi Ara D\u00fc\u011fmesi (t\u0131kla ve ara d\u00fc\u011fmesi) yerle\u015ftirir. Mobil ziyaret\u00e7ilerinizin elinde zaten bir telefon oldu\u011fu i\u00e7in bu eklenti, d\u00fc\u011fmeye basit bir dokunu\u015fla sizi aramalar\u0131n\u0131 sa\u011flayacakt\u0131r. \u0130leti\u015fim sayfas\u0131na gitmeye ve karma\u015f\u0131k kopyala\/yap\u0131\u015ft\u0131r i\u015flemlerine ya da telefon numaras\u0131n\u0131 ezberlemeye gerek yok!<\/p>\n","protected":false},"featured_media":13048,"comment_status":"open","ping_status":"closed","template":"","meta":[],"product_brand":[],"product_cat":[1413],"product_tag":[2352,2350,2349,2353,2351],"class_list":{"0":"post-14049","1":"product","2":"type-product","3":"status-publish","4":"has-post-thumbnail","6":"product_cat-eklentiler","7":"product_tag-aramak-icin-tiklayin","8":"product_tag-cagri-dugmesi","9":"product_tag-donusturmek","10":"product_tag-iletisim-dugmesi","11":"product_tag-simdi-ara-butonu","13":"first","14":"instock","15":"downloadable","16":"virtual","17":"product-type-simple"},"_links":{"self":[{"href":"https:\/\/hexexist.com\/tr\/wp-json\/wp\/v2\/product\/14049","targetHints":{"allow":["GET"]}}],"collection":[{"href":"https:\/\/hexexist.com\/tr\/wp-json\/wp\/v2\/product"}],"about":[{"href":"https:\/\/hexexist.com\/tr\/wp-json\/wp\/v2\/types\/product"}],"replies":[{"embeddable":true,"href":"https:\/\/hexexist.com\/tr\/wp-json\/wp\/v2\/comments?post=14049"}],"wp:featuredmedia":[{"embeddable":true,"href":"https:\/\/hexexist.com\/tr\/wp-json\/wp\/v2\/media\/13048"}],"wp:attachment":[{"href":"https:\/\/hexexist.com\/tr\/wp-json\/wp\/v2\/media?parent=14049"}],"wp:term":[{"taxonomy":"product_brand","embeddable":true,"href":"https:\/\/hexexist.com\/tr\/wp-json\/wp\/v2\/product_brand?post=14049"},{"taxonomy":"product_cat","embeddable":true,"href":"https:\/\/hexexist.com\/tr\/wp-json\/wp\/v2\/product_cat?post=14049"},{"taxonomy":"product_tag","embeddable":true,"href":"https:\/\/hexexist.com\/tr\/wp-json\/wp\/v2\/product_tag?post=14049"}],"curies":[{"name":"wp","href":"https:\/\/api.w.org\/{rel}","templated":true}]}}