{"id":14050,"date":"2025-10-09T09:49:53","date_gmt":"2025-10-09T09:49:53","guid":{"rendered":"http:\/\/hexexist.com\/product\/nextend-social-giris-ve-kayit\/"},"modified":"2025-10-09T09:49:53","modified_gmt":"2025-10-09T09:49:53","slug":"nextend-social-giris-ve-kayit","status":"publish","type":"product","link":"https:\/\/hexexist.com\/tr\/urun\/nextend-social-giris-ve-kayit\/","title":{"rendered":"Nextend Social Giri\u015f ve Kay\u0131t"},"content":{"rendered":"<p>Nextend Social Login profesyonel, kullan\u0131m\u0131 kolay ve \u00fccretsiz bir WordPress eklentisidir. Ziyaret\u00e7ilerinizi varsay\u0131lan kay\u0131t formunu doldurmak i\u00e7in de\u011ferli zamanlar\u0131n\u0131 harcamaya zorlamak yerine sosyal profillerini (Facebook, Google, X (eski ad\u0131yla Twitter) vb.) kullanarak sitenize kaydolmalar\u0131n\u0131 ve giri\u015f yapmalar\u0131n\u0131 sa\u011flar. Bunun yan\u0131 s\u0131ra, art\u0131k do\u011frulama e-postalar\u0131n\u0131 beklemelerine veya kullan\u0131c\u0131 adlar\u0131n\u0131 ve \u015fifrelerini takip etmelerine gerek kalmaz.<\/p>\n","protected":false},"excerpt":{"rendered":"<p>Nextend Social Login profesyonel, kullan\u0131m\u0131 kolay ve \u00fccretsiz bir WordPress eklentisidir. Ziyaret\u00e7ilerinizi varsay\u0131lan kay\u0131t formunu doldurmak i\u00e7in de\u011ferli zamanlar\u0131n\u0131 harcamaya zorlamak yerine sosyal profillerini (Facebook, Google, X (eski ad\u0131yla Twitter) vb.) kullanarak sitenize kaydolmalar\u0131n\u0131 ve giri\u015f yapmalar\u0131n\u0131 sa\u011flar. Bunun yan\u0131 s\u0131ra, art\u0131k do\u011frulama e-postalar\u0131n\u0131 beklemelerine veya kullan\u0131c\u0131 adlar\u0131n\u0131 ve \u015fifrelerini takip etmelerine gerek kalmaz.<\/p>\n","protected":false},"featured_media":13055,"comment_status":"open","ping_status":"closed","template":"","meta":[],"product_brand":[],"product_cat":[1413],"product_tag":[1986,1502,2354,2355,2356],"class_list":{"0":"post-14050","1":"product","2":"type-product","3":"status-publish","4":"has-post-thumbnail","6":"product_cat-eklentiler","7":"product_tag-facebook-tr","8":"product_tag-google-tr","9":"product_tag-sosyal-giris","10":"product_tag-twitter-tr","11":"product_tag-x-tr","13":"first","14":"instock","15":"downloadable","16":"virtual","17":"product-type-simple"},"_links":{"self":[{"href":"https:\/\/hexexist.com\/tr\/wp-json\/wp\/v2\/product\/14050","targetHints":{"allow":["GET"]}}],"collection":[{"href":"https:\/\/hexexist.com\/tr\/wp-json\/wp\/v2\/product"}],"about":[{"href":"https:\/\/hexexist.com\/tr\/wp-json\/wp\/v2\/types\/product"}],"replies":[{"embeddable":true,"href":"https:\/\/hexexist.com\/tr\/wp-json\/wp\/v2\/comments?post=14050"}],"wp:featuredmedia":[{"embeddable":true,"href":"https:\/\/hexexist.com\/tr\/wp-json\/wp\/v2\/media\/13055"}],"wp:attachment":[{"href":"https:\/\/hexexist.com\/tr\/wp-json\/wp\/v2\/media?parent=14050"}],"wp:term":[{"taxonomy":"product_brand","embeddable":true,"href":"https:\/\/hexexist.com\/tr\/wp-json\/wp\/v2\/product_brand?post=14050"},{"taxonomy":"product_cat","embeddable":true,"href":"https:\/\/hexexist.com\/tr\/wp-json\/wp\/v2\/product_cat?post=14050"},{"taxonomy":"product_tag","embeddable":true,"href":"https:\/\/hexexist.com\/tr\/wp-json\/wp\/v2\/product_tag?post=14050"}],"curies":[{"name":"wp","href":"https:\/\/api.w.org\/{rel}","templated":true}]}}