{"id":14051,"date":"2025-10-09T09:49:52","date_gmt":"2025-10-09T09:49:52","guid":{"rendered":"http:\/\/hexexist.com\/product\/burst-statistics-wordpress-icin-gizlilik-dostu-analitik\/"},"modified":"2025-10-09T09:49:52","modified_gmt":"2025-10-09T09:49:52","slug":"burst-statistics-wordpress-icin-gizlilik-dostu-analitik","status":"publish","type":"product","link":"https:\/\/hexexist.com\/tr\/urun\/burst-statistics-wordpress-icin-gizlilik-dostu-analitik\/","title":{"rendered":"Burst Statistics WordPress i\u00e7in Gizlilik Dostu Analitik"},"content":{"rendered":"<p>Burst Statistics ile kendi kendine bar\u0131nd\u0131r\u0131lan, gizlilik dostu WordPress istatistikleri! G\u00f6sterge tablolar\u0131m\u0131z a\u00e7\u0131k ve \u00f6zl\u00fc bilgiler sunarak \u00e7ok say\u0131da veriden bunalmadan bilin\u00e7li kararlar alman\u0131z\u0131 sa\u011flar. 300.000&#8217;den fazla kullan\u0131c\u0131n\u0131n g\u00fcvendi\u011fi sorunsuz ve g\u00fcvenilir analizler i\u00e7in Burst Statistics&#8217;i se\u00e7in.  <\/p>\n","protected":false},"excerpt":{"rendered":"<p>Burst Statistics ile kendi kendine bar\u0131nd\u0131r\u0131lan, gizlilik dostu WordPress istatistikleri! G\u00f6sterge tablolar\u0131m\u0131z a\u00e7\u0131k ve \u00f6zl\u00fc bilgiler sunarak \u00e7ok say\u0131da veriden bunalmadan bilin\u00e7li kararlar alman\u0131z\u0131 sa\u011flar. 300.000&#8217;den fazla kullan\u0131c\u0131n\u0131n g\u00fcvendi\u011fi sorunsuz ve g\u00fcvenilir analizler i\u00e7in Burst Statistics&#8217;i se\u00e7in.<\/p>\n","protected":false},"featured_media":13047,"comment_status":"open","ping_status":"closed","template":"","meta":[],"product_brand":[],"product_cat":[1413],"product_tag":[1550,2357,1551,1680],"class_list":{"0":"post-14051","1":"product","2":"type-product","3":"status-publish","4":"has-post-thumbnail","6":"product_cat-eklentiler","7":"product_tag-analitik","8":"product_tag-analitik-alternatif","9":"product_tag-istatistikler","10":"product_tag-istatistikler-tr","12":"first","13":"instock","14":"downloadable","15":"virtual","16":"product-type-simple"},"_links":{"self":[{"href":"https:\/\/hexexist.com\/tr\/wp-json\/wp\/v2\/product\/14051","targetHints":{"allow":["GET"]}}],"collection":[{"href":"https:\/\/hexexist.com\/tr\/wp-json\/wp\/v2\/product"}],"about":[{"href":"https:\/\/hexexist.com\/tr\/wp-json\/wp\/v2\/types\/product"}],"replies":[{"embeddable":true,"href":"https:\/\/hexexist.com\/tr\/wp-json\/wp\/v2\/comments?post=14051"}],"wp:featuredmedia":[{"embeddable":true,"href":"https:\/\/hexexist.com\/tr\/wp-json\/wp\/v2\/media\/13047"}],"wp:attachment":[{"href":"https:\/\/hexexist.com\/tr\/wp-json\/wp\/v2\/media?parent=14051"}],"wp:term":[{"taxonomy":"product_brand","embeddable":true,"href":"https:\/\/hexexist.com\/tr\/wp-json\/wp\/v2\/product_brand?post=14051"},{"taxonomy":"product_cat","embeddable":true,"href":"https:\/\/hexexist.com\/tr\/wp-json\/wp\/v2\/product_cat?post=14051"},{"taxonomy":"product_tag","embeddable":true,"href":"https:\/\/hexexist.com\/tr\/wp-json\/wp\/v2\/product_tag?post=14051"}],"curies":[{"name":"wp","href":"https:\/\/api.w.org\/{rel}","templated":true}]}}