{"id":14052,"date":"2025-10-09T09:49:53","date_gmt":"2025-10-09T09:49:53","guid":{"rendered":"http:\/\/hexexist.com\/product\/kadence-wpden-yapay-zeka-destekli-baslangic-sablonlari\/"},"modified":"2025-10-09T09:49:53","modified_gmt":"2025-10-09T09:49:53","slug":"kadence-wpden-yapay-zeka-destekli-baslangic-sablonlari","status":"publish","type":"product","link":"https:\/\/hexexist.com\/tr\/urun\/kadence-wpden-yapay-zeka-destekli-baslangic-sablonlari\/","title":{"rendered":"Kadence WP&#8217;den Yapay Zeka Destekli Ba\u015flang\u0131\u00e7 \u015eablonlar\u0131"},"content":{"rendered":"<p>Yapay zekan\u0131n yard\u0131m\u0131yla size \u00f6zel haz\u0131rlanm\u0131\u015f i\u00e7eriklerle dakikalar i\u00e7inde profesyonelce tasarlanm\u0131\u015f web siteleri olu\u015fturun ve \u00f6zelle\u015ftirin.<\/p>\n","protected":false},"excerpt":{"rendered":"<p>Yapay zekan\u0131n yard\u0131m\u0131yla size \u00f6zel haz\u0131rlanm\u0131\u015f i\u00e7eriklerle dakikalar i\u00e7inde profesyonelce tasarlanm\u0131\u015f web siteleri olu\u015fturun ve \u00f6zelle\u015ftirin.<\/p>\n","protected":false},"featured_media":12849,"comment_status":"open","ping_status":"closed","template":"","meta":[],"product_brand":[],"product_cat":[1413],"product_tag":[1526,2283],"class_list":{"0":"post-14052","1":"product","2":"type-product","3":"status-publish","4":"has-post-thumbnail","6":"product_cat-eklentiler","7":"product_tag-gutenberg-tr","8":"product_tag-sablonlar","10":"first","11":"instock","12":"downloadable","13":"virtual","14":"product-type-simple"},"_links":{"self":[{"href":"https:\/\/hexexist.com\/tr\/wp-json\/wp\/v2\/product\/14052","targetHints":{"allow":["GET"]}}],"collection":[{"href":"https:\/\/hexexist.com\/tr\/wp-json\/wp\/v2\/product"}],"about":[{"href":"https:\/\/hexexist.com\/tr\/wp-json\/wp\/v2\/types\/product"}],"replies":[{"embeddable":true,"href":"https:\/\/hexexist.com\/tr\/wp-json\/wp\/v2\/comments?post=14052"}],"wp:featuredmedia":[{"embeddable":true,"href":"https:\/\/hexexist.com\/tr\/wp-json\/wp\/v2\/media\/12849"}],"wp:attachment":[{"href":"https:\/\/hexexist.com\/tr\/wp-json\/wp\/v2\/media?parent=14052"}],"wp:term":[{"taxonomy":"product_brand","embeddable":true,"href":"https:\/\/hexexist.com\/tr\/wp-json\/wp\/v2\/product_brand?post=14052"},{"taxonomy":"product_cat","embeddable":true,"href":"https:\/\/hexexist.com\/tr\/wp-json\/wp\/v2\/product_cat?post=14052"},{"taxonomy":"product_tag","embeddable":true,"href":"https:\/\/hexexist.com\/tr\/wp-json\/wp\/v2\/product_tag?post=14052"}],"curies":[{"name":"wp","href":"https:\/\/api.w.org\/{rel}","templated":true}]}}