{"id":14053,"date":"2025-10-09T09:49:52","date_gmt":"2025-10-09T09:49:52","guid":{"rendered":"http:\/\/hexexist.com\/product\/gelismis-google-recaptcha\/"},"modified":"2025-10-09T09:49:52","modified_gmt":"2025-10-09T09:49:52","slug":"gelismis-google-recaptcha","status":"publish","type":"product","link":"https:\/\/hexexist.com\/tr\/urun\/gelismis-google-recaptcha\/","title":{"rendered":"Geli\u015fmi\u015f Google reCAPTCHA"},"content":{"rendered":"<p>Geli\u015fmi\u015f Google reCAPTCHA, WordPress sitenizi spam yorumlardan ve captcha kullanarak kaba kuvvet giri\u015f sald\u0131r\u0131lar\u0131ndan korur. Bu captcha eklentisi, Google reCAPTCHA ve di\u011fer captcha testlerini WordPress yorum formuna, giri\u015f formuna ve di\u011fer formlara h\u0131zl\u0131 bir \u015fekilde ekler. <\/p>\n","protected":false},"excerpt":{"rendered":"<p>Geli\u015fmi\u015f Google reCAPTCHA, WordPress sitenizi spam yorumlardan ve captcha kullanarak kaba kuvvet giri\u015f sald\u0131r\u0131lar\u0131ndan korur. Bu captcha eklentisi, Google reCAPTCHA ve di\u011fer captcha testlerini WordPress yorum formuna, giri\u015f formuna ve di\u011fer formlara h\u0131zl\u0131 bir \u015fekilde ekler.<\/p>\n","protected":false},"featured_media":13046,"comment_status":"open","ping_status":"closed","template":"","meta":[],"product_brand":[],"product_cat":[1413],"product_tag":[1545,2360,2359,1821,2358],"class_list":{"0":"post-14053","1":"product","2":"type-product","3":"status-publish","4":"has-post-thumbnail","6":"product_cat-eklentiler","7":"product_tag-captcha-tr","8":"product_tag-giris-recaptcha","9":"product_tag-google-recaptcha-tr","10":"product_tag-recaptcha-tr","11":"product_tag-yorum-recaptcha","13":"first","14":"instock","15":"downloadable","16":"virtual","17":"product-type-simple"},"_links":{"self":[{"href":"https:\/\/hexexist.com\/tr\/wp-json\/wp\/v2\/product\/14053","targetHints":{"allow":["GET"]}}],"collection":[{"href":"https:\/\/hexexist.com\/tr\/wp-json\/wp\/v2\/product"}],"about":[{"href":"https:\/\/hexexist.com\/tr\/wp-json\/wp\/v2\/types\/product"}],"replies":[{"embeddable":true,"href":"https:\/\/hexexist.com\/tr\/wp-json\/wp\/v2\/comments?post=14053"}],"wp:featuredmedia":[{"embeddable":true,"href":"https:\/\/hexexist.com\/tr\/wp-json\/wp\/v2\/media\/13046"}],"wp:attachment":[{"href":"https:\/\/hexexist.com\/tr\/wp-json\/wp\/v2\/media?parent=14053"}],"wp:term":[{"taxonomy":"product_brand","embeddable":true,"href":"https:\/\/hexexist.com\/tr\/wp-json\/wp\/v2\/product_brand?post=14053"},{"taxonomy":"product_cat","embeddable":true,"href":"https:\/\/hexexist.com\/tr\/wp-json\/wp\/v2\/product_cat?post=14053"},{"taxonomy":"product_tag","embeddable":true,"href":"https:\/\/hexexist.com\/tr\/wp-json\/wp\/v2\/product_tag?post=14053"}],"curies":[{"name":"wp","href":"https:\/\/api.w.org\/{rel}","templated":true}]}}