{"id":14054,"date":"2025-10-09T09:49:54","date_gmt":"2025-10-09T09:49:54","guid":{"rendered":"http:\/\/hexexist.com\/product\/beyaz-etiket-cms\/"},"modified":"2025-10-09T09:49:54","modified_gmt":"2025-10-09T09:49:54","slug":"beyaz-etiket-cms","status":"publish","type":"product","link":"https:\/\/hexexist.com\/tr\/urun\/beyaz-etiket-cms\/","title":{"rendered":"Beyaz Etiket CMS"},"content":{"rendered":"<p>White Label CMS eklentisi, m\u00fc\u015fterilerine daha ki\u015fiselle\u015ftirilmi\u015f ve daha az kafa kar\u0131\u015ft\u0131r\u0131c\u0131 bir i\u00e7erik y\u00f6netim sistemi sunmak isteyen geli\u015ftiriciler i\u00e7indir.<\/p>\n","protected":false},"excerpt":{"rendered":"<p>White Label CMS eklentisi, m\u00fc\u015fterilerine daha ki\u015fiselle\u015ftirilmi\u015f ve daha az kafa kar\u0131\u015ft\u0131r\u0131c\u0131 bir i\u00e7erik y\u00f6netim sistemi sunmak isteyen geli\u015ftiriciler i\u00e7indir.<\/p>\n","protected":false},"featured_media":13062,"comment_status":"open","ping_status":"closed","template":"","meta":[],"product_brand":[],"product_cat":[1413],"product_tag":[1723,2361,2363,2148,1444],"class_list":{"0":"post-14054","1":"product","2":"type-product","3":"status-publish","4":"has-post-thumbnail","6":"product_cat-eklentiler","7":"product_tag-cms-tr","8":"product_tag-gosterge-paneli","9":"product_tag-markalasma","10":"product_tag-ozel","11":"product_tag-yonetici","13":"first","14":"instock","15":"downloadable","16":"virtual","17":"product-type-simple"},"_links":{"self":[{"href":"https:\/\/hexexist.com\/tr\/wp-json\/wp\/v2\/product\/14054","targetHints":{"allow":["GET"]}}],"collection":[{"href":"https:\/\/hexexist.com\/tr\/wp-json\/wp\/v2\/product"}],"about":[{"href":"https:\/\/hexexist.com\/tr\/wp-json\/wp\/v2\/types\/product"}],"replies":[{"embeddable":true,"href":"https:\/\/hexexist.com\/tr\/wp-json\/wp\/v2\/comments?post=14054"}],"wp:featuredmedia":[{"embeddable":true,"href":"https:\/\/hexexist.com\/tr\/wp-json\/wp\/v2\/media\/13062"}],"wp:attachment":[{"href":"https:\/\/hexexist.com\/tr\/wp-json\/wp\/v2\/media?parent=14054"}],"wp:term":[{"taxonomy":"product_brand","embeddable":true,"href":"https:\/\/hexexist.com\/tr\/wp-json\/wp\/v2\/product_brand?post=14054"},{"taxonomy":"product_cat","embeddable":true,"href":"https:\/\/hexexist.com\/tr\/wp-json\/wp\/v2\/product_cat?post=14054"},{"taxonomy":"product_tag","embeddable":true,"href":"https:\/\/hexexist.com\/tr\/wp-json\/wp\/v2\/product_tag?post=14054"}],"curies":[{"name":"wp","href":"https:\/\/api.w.org\/{rel}","templated":true}]}}