{"id":14055,"date":"2025-10-09T09:49:53","date_gmt":"2025-10-09T09:49:53","guid":{"rendered":"http:\/\/hexexist.com\/product\/infinitewp-istemcisi\/"},"modified":"2025-10-09T09:49:53","modified_gmt":"2025-10-09T09:49:53","slug":"infinitewp-istemcisi","status":"publish","type":"product","link":"https:\/\/hexexist.com\/tr\/urun\/infinitewp-istemcisi\/","title":{"rendered":"InfiniteWP \u0130stemcisi"},"content":{"rendered":"<p>InfiniteWP, kullan\u0131c\u0131lar\u0131n s\u0131n\u0131rs\u0131z say\u0131da WordPress sitesini kendi sunucular\u0131ndan y\u00f6netmelerine olanak tan\u0131r.<\/p>\n","protected":false},"excerpt":{"rendered":"<p>InfiniteWP, kullan\u0131c\u0131lar\u0131n s\u0131n\u0131rs\u0131z say\u0131da WordPress sitesini kendi sunucular\u0131ndan y\u00f6netmelerine olanak tan\u0131r.<\/p>\n","protected":false},"featured_media":13054,"comment_status":"open","ping_status":"closed","template":"","meta":[],"product_brand":[],"product_cat":[1413],"product_tag":[2241,1446,1470,1444,2362],"class_list":{"0":"post-14055","1":"product","2":"type-product","3":"status-publish","4":"has-post-thumbnail","6":"product_cat-eklentiler","7":"product_tag-amazon-tr","8":"product_tag-api-tr","9":"product_tag-kimlik-dogrulama","10":"product_tag-yonetici","11":"product_tag-yonetim","13":"first","14":"instock","15":"downloadable","16":"virtual","17":"product-type-simple"},"_links":{"self":[{"href":"https:\/\/hexexist.com\/tr\/wp-json\/wp\/v2\/product\/14055","targetHints":{"allow":["GET"]}}],"collection":[{"href":"https:\/\/hexexist.com\/tr\/wp-json\/wp\/v2\/product"}],"about":[{"href":"https:\/\/hexexist.com\/tr\/wp-json\/wp\/v2\/types\/product"}],"replies":[{"embeddable":true,"href":"https:\/\/hexexist.com\/tr\/wp-json\/wp\/v2\/comments?post=14055"}],"wp:featuredmedia":[{"embeddable":true,"href":"https:\/\/hexexist.com\/tr\/wp-json\/wp\/v2\/media\/13054"}],"wp:attachment":[{"href":"https:\/\/hexexist.com\/tr\/wp-json\/wp\/v2\/media?parent=14055"}],"wp:term":[{"taxonomy":"product_brand","embeddable":true,"href":"https:\/\/hexexist.com\/tr\/wp-json\/wp\/v2\/product_brand?post=14055"},{"taxonomy":"product_cat","embeddable":true,"href":"https:\/\/hexexist.com\/tr\/wp-json\/wp\/v2\/product_cat?post=14055"},{"taxonomy":"product_tag","embeddable":true,"href":"https:\/\/hexexist.com\/tr\/wp-json\/wp\/v2\/product_tag?post=14055"}],"curies":[{"name":"wp","href":"https:\/\/api.w.org\/{rel}","templated":true}]}}