{"id":14056,"date":"2025-10-09T09:49:53","date_gmt":"2025-10-09T09:49:53","guid":{"rendered":"http:\/\/hexexist.com\/product\/imsanity\/"},"modified":"2025-10-09T09:49:53","modified_gmt":"2025-10-09T09:49:53","slug":"imsanity","status":"publish","type":"product","link":"https:\/\/hexexist.com\/tr\/urun\/imsanity\/","title":{"rendered":"Imsanity"},"content":{"rendered":"<p>Imsanity ile b\u00fcy\u00fck resim y\u00fcklemelerini otomatik olarak yeniden boyutland\u0131r\u0131n. \u0130stedi\u011finiz boyutu ve kaliteyi se\u00e7in ve gerisini Imsanity&#8217;ye b\u0131rak\u0131n. Bir kat\u0131l\u0131mc\u0131 yap\u0131land\u0131r\u0131lan boyuttan daha b\u00fcy\u00fck bir resim y\u00fckledi\u011finde, Imsanity otomatik olarak yap\u0131land\u0131r\u0131lan boyuta k\u00fc\u00e7\u00fcltecek ve orijinal resmi de\u011fi\u015ftirecektir.  <\/p>\n","protected":false},"excerpt":{"rendered":"<p>Imsanity ile b\u00fcy\u00fck resim y\u00fcklemelerini otomatik olarak yeniden boyutland\u0131r\u0131n. \u0130stedi\u011finiz boyutu ve kaliteyi se\u00e7in ve gerisini Imsanity&#8217;ye b\u0131rak\u0131n. Bir kat\u0131l\u0131mc\u0131 yap\u0131land\u0131r\u0131lan boyuttan daha b\u00fcy\u00fck bir resim y\u00fckledi\u011finde, Imsanity otomatik olarak yap\u0131land\u0131r\u0131lan boyuta k\u00fc\u00e7\u00fcltecek ve orijinal resmi de\u011fi\u015ftirecektir.<\/p>\n","protected":false},"featured_media":13053,"comment_status":"open","ping_status":"closed","template":"","meta":[],"product_brand":[],"product_cat":[1413],"product_tag":[1596,2364,2365,1736],"class_list":{"0":"post-14056","1":"product","2":"type-product","3":"status-publish","4":"has-post-thumbnail","6":"product_cat-eklentiler","7":"product_tag-image-tr","8":"product_tag-kalite","9":"product_tag-olcek","10":"product_tag-yeniden-boyutlandir","12":"first","13":"instock","14":"downloadable","15":"virtual","16":"product-type-simple"},"_links":{"self":[{"href":"https:\/\/hexexist.com\/tr\/wp-json\/wp\/v2\/product\/14056","targetHints":{"allow":["GET"]}}],"collection":[{"href":"https:\/\/hexexist.com\/tr\/wp-json\/wp\/v2\/product"}],"about":[{"href":"https:\/\/hexexist.com\/tr\/wp-json\/wp\/v2\/types\/product"}],"replies":[{"embeddable":true,"href":"https:\/\/hexexist.com\/tr\/wp-json\/wp\/v2\/comments?post=14056"}],"wp:featuredmedia":[{"embeddable":true,"href":"https:\/\/hexexist.com\/tr\/wp-json\/wp\/v2\/media\/13053"}],"wp:attachment":[{"href":"https:\/\/hexexist.com\/tr\/wp-json\/wp\/v2\/media?parent=14056"}],"wp:term":[{"taxonomy":"product_brand","embeddable":true,"href":"https:\/\/hexexist.com\/tr\/wp-json\/wp\/v2\/product_brand?post=14056"},{"taxonomy":"product_cat","embeddable":true,"href":"https:\/\/hexexist.com\/tr\/wp-json\/wp\/v2\/product_cat?post=14056"},{"taxonomy":"product_tag","embeddable":true,"href":"https:\/\/hexexist.com\/tr\/wp-json\/wp\/v2\/product_tag?post=14056"}],"curies":[{"name":"wp","href":"https:\/\/api.w.org\/{rel}","templated":true}]}}