{"id":14058,"date":"2025-10-09T09:49:54","date_gmt":"2025-10-09T09:49:54","guid":{"rendered":"http:\/\/hexexist.com\/product\/yonetici-ve-site-gelistirmeleri-ase\/"},"modified":"2025-10-09T09:49:54","modified_gmt":"2025-10-09T09:49:54","slug":"yonetici-ve-site-gelistirmeleri-ase","status":"publish","type":"product","link":"https:\/\/hexexist.com\/tr\/urun\/yonetici-ve-site-gelistirmeleri-ase\/","title":{"rendered":"Y\u00f6netici ve Site Geli\u015ftirmeleri (ASE)"},"content":{"rendered":"<p>Y\u00f6netici ve Site Geli\u015ftirmeleri (ASE), \u00e7e\u015fitli y\u00f6netici i\u015f ak\u0131\u015flar\u0131n\u0131 ve site \u00f6zelliklerini kolayca geli\u015ftirmenize ve bunu yaparken birden fazla eklentiyi de\u011fi\u015ftirmenize yard\u0131mc\u0131 olur.<\/p>\n","protected":false},"excerpt":{"rendered":"<p>Y\u00f6netici ve Site Geli\u015ftirmeleri (ASE), \u00e7e\u015fitli y\u00f6netici i\u015f ak\u0131\u015flar\u0131n\u0131 ve site \u00f6zelliklerini kolayca geli\u015ftirmenize ve bunu yaparken birden fazla eklentiyi de\u011fi\u015ftirmenize yard\u0131mc\u0131 olur.<\/p>\n","protected":false},"featured_media":13065,"comment_status":"open","ping_status":"closed","template":"","meta":[],"product_brand":[],"product_cat":[1413],"product_tag":[2369,2370,2372,2371],"class_list":{"0":"post-14058","1":"product","2":"type-product","3":"status-publish","4":"has-post-thumbnail","6":"product_cat-eklentiler","7":"product_tag-araclar","8":"product_tag-gelistirmeler","9":"product_tag-ince-ayarlar","10":"product_tag-optimizasyonlar","12":"first","13":"instock","14":"downloadable","15":"virtual","16":"product-type-simple"},"_links":{"self":[{"href":"https:\/\/hexexist.com\/tr\/wp-json\/wp\/v2\/product\/14058","targetHints":{"allow":["GET"]}}],"collection":[{"href":"https:\/\/hexexist.com\/tr\/wp-json\/wp\/v2\/product"}],"about":[{"href":"https:\/\/hexexist.com\/tr\/wp-json\/wp\/v2\/types\/product"}],"replies":[{"embeddable":true,"href":"https:\/\/hexexist.com\/tr\/wp-json\/wp\/v2\/comments?post=14058"}],"wp:featuredmedia":[{"embeddable":true,"href":"https:\/\/hexexist.com\/tr\/wp-json\/wp\/v2\/media\/13065"}],"wp:attachment":[{"href":"https:\/\/hexexist.com\/tr\/wp-json\/wp\/v2\/media?parent=14058"}],"wp:term":[{"taxonomy":"product_brand","embeddable":true,"href":"https:\/\/hexexist.com\/tr\/wp-json\/wp\/v2\/product_brand?post=14058"},{"taxonomy":"product_cat","embeddable":true,"href":"https:\/\/hexexist.com\/tr\/wp-json\/wp\/v2\/product_cat?post=14058"},{"taxonomy":"product_tag","embeddable":true,"href":"https:\/\/hexexist.com\/tr\/wp-json\/wp\/v2\/product_tag?post=14058"}],"curies":[{"name":"wp","href":"https:\/\/api.w.org\/{rel}","templated":true}]}}