{"id":14060,"date":"2025-10-09T09:49:54","date_gmt":"2025-10-09T09:49:54","guid":{"rendered":"http:\/\/hexexist.com\/product\/wp-migrate-lite-wordpress-gecisi-artik-cok-kolay\/"},"modified":"2025-10-09T09:49:54","modified_gmt":"2025-10-09T09:49:54","slug":"wp-migrate-lite-wordpress-gecisi-artik-cok-kolay","status":"publish","type":"product","link":"https:\/\/hexexist.com\/tr\/urun\/wp-migrate-lite-wordpress-gecisi-artik-cok-kolay\/","title":{"rendered":"WP Migrate Lite WordPress Ge\u00e7i\u015fi Art\u0131k \u00c7ok Kolay"},"content":{"rendered":"<p>WP Migrate, veritaban\u0131n\u0131z\u0131 ta\u015f\u0131may\u0131 ve t\u00fcm siteleri d\u0131\u015fa aktarmay\u0131 kolay, h\u0131zl\u0131 ve stressiz hale getiren bir WordPress ta\u015f\u0131ma eklentisidir.<\/p>\n","protected":false},"excerpt":{"rendered":"<p>WP Migrate, veritaban\u0131n\u0131z\u0131 ta\u015f\u0131may\u0131 ve t\u00fcm siteleri d\u0131\u015fa aktarmay\u0131 kolay, h\u0131zl\u0131 ve stressiz hale getiren bir WordPress ta\u015f\u0131ma eklentisidir.<\/p>\n","protected":false},"featured_media":13064,"comment_status":"open","ping_status":"closed","template":"","meta":[],"product_brand":[],"product_cat":[1413],"product_tag":[1943,1761],"class_list":{"0":"post-14060","1":"product","2":"type-product","3":"status-publish","4":"has-post-thumbnail","6":"product_cat-eklentiler","7":"product_tag-goc-etmek","8":"product_tag-klon","10":"first","11":"instock","12":"downloadable","13":"virtual","14":"product-type-simple"},"_links":{"self":[{"href":"https:\/\/hexexist.com\/tr\/wp-json\/wp\/v2\/product\/14060","targetHints":{"allow":["GET"]}}],"collection":[{"href":"https:\/\/hexexist.com\/tr\/wp-json\/wp\/v2\/product"}],"about":[{"href":"https:\/\/hexexist.com\/tr\/wp-json\/wp\/v2\/types\/product"}],"replies":[{"embeddable":true,"href":"https:\/\/hexexist.com\/tr\/wp-json\/wp\/v2\/comments?post=14060"}],"wp:featuredmedia":[{"embeddable":true,"href":"https:\/\/hexexist.com\/tr\/wp-json\/wp\/v2\/media\/13064"}],"wp:attachment":[{"href":"https:\/\/hexexist.com\/tr\/wp-json\/wp\/v2\/media?parent=14060"}],"wp:term":[{"taxonomy":"product_brand","embeddable":true,"href":"https:\/\/hexexist.com\/tr\/wp-json\/wp\/v2\/product_brand?post=14060"},{"taxonomy":"product_cat","embeddable":true,"href":"https:\/\/hexexist.com\/tr\/wp-json\/wp\/v2\/product_cat?post=14060"},{"taxonomy":"product_tag","embeddable":true,"href":"https:\/\/hexexist.com\/tr\/wp-json\/wp\/v2\/product_tag?post=14060"}],"curies":[{"name":"wp","href":"https:\/\/api.w.org\/{rel}","templated":true}]}}