{"id":14061,"date":"2025-10-09T09:49:54","date_gmt":"2025-10-09T09:49:54","guid":{"rendered":"http:\/\/hexexist.com\/product\/herhangi-bir-yazi-tipi-kullan-ozel-yazi-tipi-yukleyici\/"},"modified":"2025-10-09T09:49:54","modified_gmt":"2025-10-09T09:49:54","slug":"herhangi-bir-yazi-tipi-kullan-ozel-yazi-tipi-yukleyici","status":"publish","type":"product","link":"https:\/\/hexexist.com\/tr\/urun\/herhangi-bir-yazi-tipi-kullan-ozel-yazi-tipi-yukleyici\/","title":{"rendered":"Herhangi Bir Yaz\u0131 Tipi Kullan | \u00d6zel Yaz\u0131 Tipi Y\u00fckleyici"},"content":{"rendered":"<p>Sitenize \u015f\u0131k bir g\u00f6r\u00fcn\u00fcm kazand\u0131rmak i\u00e7in istedi\u011finiz \u00f6zel yaz\u0131 tiplerini y\u00fckleyin. CSS bilgisi olmadan yaz\u0131 tiplerini kolayca de\u011fi\u015ftirin veya sunucunuzda depolanan Google yaz\u0131 tipleri de dahil olmak \u00fczere sitenize eklemek i\u00e7in 23.871&#8217;den fazla \u00f6nceden tan\u0131mlanm\u0131\u015f yaz\u0131 tipi aras\u0131ndan se\u00e7im yap\u0131n. <\/p>\n","protected":false},"excerpt":{"rendered":"<p>Sitenize \u015f\u0131k bir g\u00f6r\u00fcn\u00fcm kazand\u0131rmak i\u00e7in istedi\u011finiz \u00f6zel yaz\u0131 tiplerini y\u00fckleyin. CSS bilgisi olmadan yaz\u0131 tiplerini kolayca de\u011fi\u015ftirin veya sunucunuzda depolanan Google yaz\u0131 tipleri de dahil olmak \u00fczere sitenize eklemek i\u00e7in 23.871&#8217;den fazla \u00f6nceden tan\u0131mlanm\u0131\u015f yaz\u0131 tipi aras\u0131ndan se\u00e7im yap\u0131n.<\/p>\n","protected":false},"featured_media":13059,"comment_status":"open","ping_status":"closed","template":"","meta":[],"product_brand":[],"product_cat":[1413],"product_tag":[2229,2375,2378,2376,2377],"class_list":{"0":"post-14061","1":"product","2":"type-product","3":"status-publish","4":"has-post-thumbnail","6":"product_cat-eklentiler","7":"product_tag-google-yazi-tipleri","8":"product_tag-ozel-yazi-tipleri","9":"product_tag-tipografi","10":"product_tag-yazi-tipi-yoneticisi","11":"product_tag-yazi-tipi-yukleyici","13":"first","14":"instock","15":"downloadable","16":"virtual","17":"product-type-simple"},"_links":{"self":[{"href":"https:\/\/hexexist.com\/tr\/wp-json\/wp\/v2\/product\/14061","targetHints":{"allow":["GET"]}}],"collection":[{"href":"https:\/\/hexexist.com\/tr\/wp-json\/wp\/v2\/product"}],"about":[{"href":"https:\/\/hexexist.com\/tr\/wp-json\/wp\/v2\/types\/product"}],"replies":[{"embeddable":true,"href":"https:\/\/hexexist.com\/tr\/wp-json\/wp\/v2\/comments?post=14061"}],"wp:featuredmedia":[{"embeddable":true,"href":"https:\/\/hexexist.com\/tr\/wp-json\/wp\/v2\/media\/13059"}],"wp:attachment":[{"href":"https:\/\/hexexist.com\/tr\/wp-json\/wp\/v2\/media?parent=14061"}],"wp:term":[{"taxonomy":"product_brand","embeddable":true,"href":"https:\/\/hexexist.com\/tr\/wp-json\/wp\/v2\/product_brand?post=14061"},{"taxonomy":"product_cat","embeddable":true,"href":"https:\/\/hexexist.com\/tr\/wp-json\/wp\/v2\/product_cat?post=14061"},{"taxonomy":"product_tag","embeddable":true,"href":"https:\/\/hexexist.com\/tr\/wp-json\/wp\/v2\/product_tag?post=14061"}],"curies":[{"name":"wp","href":"https:\/\/api.w.org\/{rel}","templated":true}]}}