{"id":14062,"date":"2025-10-09T09:49:54","date_gmt":"2025-10-09T09:49:54","guid":{"rendered":"http:\/\/hexexist.com\/product\/widget-ithalatcisi-ve-ihracatcisi\/"},"modified":"2025-10-09T09:49:54","modified_gmt":"2025-10-09T09:49:54","slug":"widget-ithalatcisi-ve-ihracatcisi","status":"publish","type":"product","link":"https:\/\/hexexist.com\/tr\/urun\/widget-ithalatcisi-ve-ihracatcisi\/","title":{"rendered":"Widget \u0130thalat\u00e7\u0131s\u0131 ve \u0130hracat\u00e7\u0131s\u0131"},"content":{"rendered":"<p>Widget Importer &amp; Exporter, widget&#8217;lar\u0131 bir WordPress sitesinden di\u011ferine ta\u015f\u0131mak, widget&#8217;lar\u0131 yedeklemek ve tema geli\u015ftiricilerin kullan\u0131c\u0131lara \u00f6rnek widget&#8217;lar vermesi i\u00e7in kullan\u0131\u015fl\u0131d\u0131r. ChurchThemes.com&#8217;daki ayr\u0131nt\u0131lara bak\u0131n. <\/p>\n","protected":false},"excerpt":{"rendered":"<p>Widget Importer &amp; Exporter, widget&#8217;lar\u0131 bir WordPress sitesinden di\u011ferine ta\u015f\u0131mak, widget&#8217;lar\u0131 yedeklemek ve tema geli\u015ftiricilerin kullan\u0131c\u0131lara \u00f6rnek widget&#8217;lar vermesi i\u00e7in kullan\u0131\u015fl\u0131d\u0131r. ChurchThemes.com&#8217;daki ayr\u0131nt\u0131lara bak\u0131n.<\/p>\n","protected":false},"featured_media":13063,"comment_status":"open","ping_status":"closed","template":"","meta":[],"product_brand":[],"product_cat":[1413],"product_tag":[1693,1691,1689,1427,2030],"class_list":{"0":"post-14062","1":"product","2":"type-product","3":"status-publish","4":"has-post-thumbnail","6":"product_cat-eklentiler","7":"product_tag-ihracatci","8":"product_tag-ithalat","9":"product_tag-ithalatci","10":"product_tag-widget-tr","11":"product_tag-widgetlar","13":"first","14":"instock","15":"downloadable","16":"virtual","17":"product-type-simple"},"_links":{"self":[{"href":"https:\/\/hexexist.com\/tr\/wp-json\/wp\/v2\/product\/14062","targetHints":{"allow":["GET"]}}],"collection":[{"href":"https:\/\/hexexist.com\/tr\/wp-json\/wp\/v2\/product"}],"about":[{"href":"https:\/\/hexexist.com\/tr\/wp-json\/wp\/v2\/types\/product"}],"replies":[{"embeddable":true,"href":"https:\/\/hexexist.com\/tr\/wp-json\/wp\/v2\/comments?post=14062"}],"wp:featuredmedia":[{"embeddable":true,"href":"https:\/\/hexexist.com\/tr\/wp-json\/wp\/v2\/media\/13063"}],"wp:attachment":[{"href":"https:\/\/hexexist.com\/tr\/wp-json\/wp\/v2\/media?parent=14062"}],"wp:term":[{"taxonomy":"product_brand","embeddable":true,"href":"https:\/\/hexexist.com\/tr\/wp-json\/wp\/v2\/product_brand?post=14062"},{"taxonomy":"product_cat","embeddable":true,"href":"https:\/\/hexexist.com\/tr\/wp-json\/wp\/v2\/product_cat?post=14062"},{"taxonomy":"product_tag","embeddable":true,"href":"https:\/\/hexexist.com\/tr\/wp-json\/wp\/v2\/product_tag?post=14062"}],"curies":[{"name":"wp","href":"https:\/\/api.w.org\/{rel}","templated":true}]}}