{"id":14063,"date":"2025-10-09T09:49:56","date_gmt":"2025-10-09T09:49:56","guid":{"rendered":"http:\/\/hexexist.com\/product\/ates-isigi-isik-kutusu\/"},"modified":"2025-10-09T09:49:56","modified_gmt":"2025-10-09T09:49:56","slug":"ates-isigi-isik-kutusu","status":"publish","type":"product","link":"https:\/\/hexexist.com\/tr\/urun\/ates-isigi-isik-kutusu\/","title":{"rendered":"Ate\u015f I\u015f\u0131\u011f\u0131 I\u015f\u0131k Kutusu"},"content":{"rendered":"<p>HABERLER: Easy Fancybox art\u0131k Firelight Lightbox . Buradan okuyabilirsiniz. <\/p>\n","protected":false},"excerpt":{"rendered":"<p>HABERLER: Easy Fancybox art\u0131k Firelight Lightbox . Buradan okuyabilirsiniz.<\/p>\n","protected":false},"featured_media":13068,"comment_status":"open","ping_status":"closed","template":"","meta":[],"product_brand":[],"product_cat":[1413],"product_tag":[2379,1703,1596,2091,2255],"class_list":{"0":"post-14063","1":"product","2":"type-product","3":"status-publish","4":"has-post-thumbnail","6":"product_cat-eklentiler","7":"product_tag-fotograf","8":"product_tag-galeri","9":"product_tag-image-tr","10":"product_tag-isik-kutusu","11":"product_tag-modal-tr","13":"first","14":"instock","15":"downloadable","16":"virtual","17":"product-type-simple"},"_links":{"self":[{"href":"https:\/\/hexexist.com\/tr\/wp-json\/wp\/v2\/product\/14063","targetHints":{"allow":["GET"]}}],"collection":[{"href":"https:\/\/hexexist.com\/tr\/wp-json\/wp\/v2\/product"}],"about":[{"href":"https:\/\/hexexist.com\/tr\/wp-json\/wp\/v2\/types\/product"}],"replies":[{"embeddable":true,"href":"https:\/\/hexexist.com\/tr\/wp-json\/wp\/v2\/comments?post=14063"}],"wp:featuredmedia":[{"embeddable":true,"href":"https:\/\/hexexist.com\/tr\/wp-json\/wp\/v2\/media\/13068"}],"wp:attachment":[{"href":"https:\/\/hexexist.com\/tr\/wp-json\/wp\/v2\/media?parent=14063"}],"wp:term":[{"taxonomy":"product_brand","embeddable":true,"href":"https:\/\/hexexist.com\/tr\/wp-json\/wp\/v2\/product_brand?post=14063"},{"taxonomy":"product_cat","embeddable":true,"href":"https:\/\/hexexist.com\/tr\/wp-json\/wp\/v2\/product_cat?post=14063"},{"taxonomy":"product_tag","embeddable":true,"href":"https:\/\/hexexist.com\/tr\/wp-json\/wp\/v2\/product_tag?post=14063"}],"curies":[{"name":"wp","href":"https:\/\/api.w.org\/{rel}","templated":true}]}}