{"id":14064,"date":"2025-10-09T09:49:56","date_gmt":"2025-10-09T09:49:56","guid":{"rendered":"http:\/\/hexexist.com\/product\/cleantalk-tarafindan-spam-korumasi-honeypot-anti-spam\/"},"modified":"2025-10-09T09:49:56","modified_gmt":"2025-10-09T09:49:56","slug":"cleantalk-tarafindan-spam-korumasi-honeypot-anti-spam","status":"publish","type":"product","link":"https:\/\/hexexist.com\/tr\/urun\/cleantalk-tarafindan-spam-korumasi-honeypot-anti-spam\/","title":{"rendered":"CleanTalk taraf\u0131ndan Spam korumas\u0131, Honeypot, Anti-Spam"},"content":{"rendered":"<p>WordPress i\u00e7in en y\u00fcksek puanl\u0131 anti-spam korumas\u0131. CAPTCHA yok, soru yok, hayvan sayma yok, bulmaca yok, matematik yok ve spam botlar\u0131 yok. Evrensel AntiSpam eklentisi.  <\/p>\n","protected":false},"excerpt":{"rendered":"<p>WordPress i\u00e7in en y\u00fcksek puanl\u0131 anti-spam korumas\u0131. CAPTCHA yok, soru yok, hayvan sayma yok, bulmaca yok, matematik yok ve spam botlar\u0131 yok. Evrensel AntiSpam eklentisi.<\/p>\n","protected":false},"featured_media":13067,"comment_status":"open","ping_status":"closed","template":"","meta":[],"product_brand":[],"product_cat":[1413],"product_tag":[2082,1545,1524,1541,1634],"class_list":{"0":"post-14064","1":"product","2":"type-product","3":"status-publish","4":"has-post-thumbnail","6":"product_cat-eklentiler","7":"product_tag-antispam-tr","8":"product_tag-captcha-tr","9":"product_tag-iletisim-formu","10":"product_tag-spam-tr","11":"product_tag-yorumlar","13":"first","14":"instock","15":"downloadable","16":"virtual","17":"product-type-simple"},"_links":{"self":[{"href":"https:\/\/hexexist.com\/tr\/wp-json\/wp\/v2\/product\/14064","targetHints":{"allow":["GET"]}}],"collection":[{"href":"https:\/\/hexexist.com\/tr\/wp-json\/wp\/v2\/product"}],"about":[{"href":"https:\/\/hexexist.com\/tr\/wp-json\/wp\/v2\/types\/product"}],"replies":[{"embeddable":true,"href":"https:\/\/hexexist.com\/tr\/wp-json\/wp\/v2\/comments?post=14064"}],"wp:featuredmedia":[{"embeddable":true,"href":"https:\/\/hexexist.com\/tr\/wp-json\/wp\/v2\/media\/13067"}],"wp:attachment":[{"href":"https:\/\/hexexist.com\/tr\/wp-json\/wp\/v2\/media?parent=14064"}],"wp:term":[{"taxonomy":"product_brand","embeddable":true,"href":"https:\/\/hexexist.com\/tr\/wp-json\/wp\/v2\/product_brand?post=14064"},{"taxonomy":"product_cat","embeddable":true,"href":"https:\/\/hexexist.com\/tr\/wp-json\/wp\/v2\/product_cat?post=14064"},{"taxonomy":"product_tag","embeddable":true,"href":"https:\/\/hexexist.com\/tr\/wp-json\/wp\/v2\/product_tag?post=14064"}],"curies":[{"name":"wp","href":"https:\/\/api.w.org\/{rel}","templated":true}]}}