{"id":14066,"date":"2025-10-09T09:49:57","date_gmt":"2025-10-09T09:49:57","guid":{"rendered":"http:\/\/hexexist.com\/product\/fileorganizer-wordpress-ve-web-sitesi-dosyalarini-yonetme\/"},"modified":"2025-10-09T09:49:57","modified_gmt":"2025-10-09T09:49:57","slug":"fileorganizer-wordpress-ve-web-sitesi-dosyalarini-yonetme","status":"publish","type":"product","link":"https:\/\/hexexist.com\/tr\/urun\/fileorganizer-wordpress-ve-web-sitesi-dosyalarini-yonetme\/","title":{"rendered":"FileOrganizer WordPress ve Web Sitesi Dosyalar\u0131n\u0131 Y\u00f6netme"},"content":{"rendered":"<p>FileOrganizer, WordPress i\u00e7in hafif ve kullan\u0131m\u0131 kolay bir dosya y\u00f6netim eklentisidir. FileOrganizer ile WordPress dosyalar\u0131n\u0131z\u0131 herhangi bir kontrol paneli veya FTP eri\u015fimi olmadan d\u00fczenleyin ve y\u00f6netin. WordPress k\u00f6k dizini d\u0131\u015f\u0131nda bile dosyalara eri\u015febilir, y\u00fckleyebilir, indirebilir, d\u00fczenleyebilir, silebilir, zipleyebilir, kesebilir, kopyalayabilir ve yap\u0131\u015ft\u0131rabilirsiniz.  <\/p>\n","protected":false},"excerpt":{"rendered":"<p>FileOrganizer, WordPress i\u00e7in hafif ve kullan\u0131m\u0131 kolay bir dosya y\u00f6netim eklentisidir. FileOrganizer ile WordPress dosyalar\u0131n\u0131z\u0131 herhangi bir kontrol paneli veya FTP eri\u015fimi olmadan d\u00fczenleyin ve y\u00f6netin. WordPress k\u00f6k dizini d\u0131\u015f\u0131nda bile dosyalara eri\u015febilir, y\u00fckleyebilir, indirebilir, d\u00fczenleyebilir, silebilir, zipleyebilir, kesebilir, kopyalayabilir ve yap\u0131\u015ft\u0131rabilirsiniz.<\/p>\n","protected":false},"featured_media":13070,"comment_status":"open","ping_status":"closed","template":"","meta":[],"product_brand":[],"product_cat":[1413],"product_tag":[2383,1506,2384,1834],"class_list":{"0":"post-14066","1":"product","2":"type-product","3":"status-publish","4":"has-post-thumbnail","6":"product_cat-eklentiler","7":"product_tag-dosya-gezgini","8":"product_tag-dosya-yoneticisi","9":"product_tag-dosya-yukleme","10":"product_tag-wordpress-dosya-yoneticisi","12":"first","13":"instock","14":"downloadable","15":"virtual","16":"product-type-simple"},"_links":{"self":[{"href":"https:\/\/hexexist.com\/tr\/wp-json\/wp\/v2\/product\/14066","targetHints":{"allow":["GET"]}}],"collection":[{"href":"https:\/\/hexexist.com\/tr\/wp-json\/wp\/v2\/product"}],"about":[{"href":"https:\/\/hexexist.com\/tr\/wp-json\/wp\/v2\/types\/product"}],"replies":[{"embeddable":true,"href":"https:\/\/hexexist.com\/tr\/wp-json\/wp\/v2\/comments?post=14066"}],"wp:featuredmedia":[{"embeddable":true,"href":"https:\/\/hexexist.com\/tr\/wp-json\/wp\/v2\/media\/13070"}],"wp:attachment":[{"href":"https:\/\/hexexist.com\/tr\/wp-json\/wp\/v2\/media?parent=14066"}],"wp:term":[{"taxonomy":"product_brand","embeddable":true,"href":"https:\/\/hexexist.com\/tr\/wp-json\/wp\/v2\/product_brand?post=14066"},{"taxonomy":"product_cat","embeddable":true,"href":"https:\/\/hexexist.com\/tr\/wp-json\/wp\/v2\/product_cat?post=14066"},{"taxonomy":"product_tag","embeddable":true,"href":"https:\/\/hexexist.com\/tr\/wp-json\/wp\/v2\/product_tag?post=14066"}],"curies":[{"name":"wp","href":"https:\/\/api.w.org\/{rel}","templated":true}]}}