{"id":14067,"date":"2025-10-09T09:49:56","date_gmt":"2025-10-09T09:49:56","guid":{"rendered":"http:\/\/hexexist.com\/product\/astra-widgetlari\/"},"modified":"2025-10-09T09:49:56","modified_gmt":"2025-10-09T09:49:56","slug":"astra-widgetlari","status":"publish","type":"product","link":"https:\/\/hexexist.com\/tr\/urun\/astra-widgetlari\/","title":{"rendered":"Astra Widget&#8217;lar\u0131"},"content":{"rendered":"<p>Belirli bilgiler i\u00e7in widget&#8217;lar ekleyebildi\u011finizde ve bunlar\u0131 web sitenizin herhangi bir yerine getirebildi\u011finizde i\u015fler ne kadar kolayla\u015fabilir? Bu, i\u015f adresi, sosyal profil ba\u011flant\u0131lar\u0131 ve liste simgeleri gibi en \u00e7ok aranan bilgiler i\u00e7in ge\u00e7erlidir. <\/p>\n","protected":false},"excerpt":{"rendered":"<p>Belirli bilgiler i\u00e7in widget&#8217;lar ekleyebildi\u011finizde ve bunlar\u0131 web sitenizin herhangi bir yerine getirebildi\u011finizde i\u015fler ne kadar kolayla\u015fabilir? Bu, i\u015f adresi, sosyal profil ba\u011flant\u0131lar\u0131 ve liste simgeleri gibi en \u00e7ok aranan bilgiler i\u00e7in ge\u00e7erlidir.<\/p>\n","protected":false},"featured_media":10820,"comment_status":"open","ping_status":"closed","template":"","meta":[],"product_brand":[],"product_cat":[1413],"product_tag":[1882],"class_list":{"0":"post-14067","1":"product","2":"type-product","3":"status-publish","4":"has-post-thumbnail","6":"product_cat-eklentiler","7":"product_tag-sosyal-medya","9":"first","10":"instock","11":"downloadable","12":"virtual","13":"product-type-simple"},"_links":{"self":[{"href":"https:\/\/hexexist.com\/tr\/wp-json\/wp\/v2\/product\/14067","targetHints":{"allow":["GET"]}}],"collection":[{"href":"https:\/\/hexexist.com\/tr\/wp-json\/wp\/v2\/product"}],"about":[{"href":"https:\/\/hexexist.com\/tr\/wp-json\/wp\/v2\/types\/product"}],"replies":[{"embeddable":true,"href":"https:\/\/hexexist.com\/tr\/wp-json\/wp\/v2\/comments?post=14067"}],"wp:featuredmedia":[{"embeddable":true,"href":"https:\/\/hexexist.com\/tr\/wp-json\/wp\/v2\/media\/10820"}],"wp:attachment":[{"href":"https:\/\/hexexist.com\/tr\/wp-json\/wp\/v2\/media?parent=14067"}],"wp:term":[{"taxonomy":"product_brand","embeddable":true,"href":"https:\/\/hexexist.com\/tr\/wp-json\/wp\/v2\/product_brand?post=14067"},{"taxonomy":"product_cat","embeddable":true,"href":"https:\/\/hexexist.com\/tr\/wp-json\/wp\/v2\/product_cat?post=14067"},{"taxonomy":"product_tag","embeddable":true,"href":"https:\/\/hexexist.com\/tr\/wp-json\/wp\/v2\/product_tag?post=14067"}],"curies":[{"name":"wp","href":"https:\/\/api.w.org\/{rel}","templated":true}]}}