{"id":14068,"date":"2025-10-09T09:49:57","date_gmt":"2025-10-09T09:49:57","guid":{"rendered":"http:\/\/hexexist.com\/product\/yazi-tipleri-eklentisi-google-yazi-tiplerini-adobe-yazi-tiplerini-kullanin-veya-yazi-tipleri-yukleyin\/"},"modified":"2025-10-09T09:49:57","modified_gmt":"2025-10-09T09:49:57","slug":"yazi-tipleri-eklentisi-google-yazi-tiplerini-adobe-yazi-tiplerini-kullanin-veya-yazi-tipleri-yukleyin","status":"publish","type":"product","link":"https:\/\/hexexist.com\/tr\/urun\/yazi-tipleri-eklentisi-google-yazi-tiplerini-adobe-yazi-tiplerini-kullanin-veya-yazi-tipleri-yukleyin\/","title":{"rendered":"Yaz\u0131 Tipleri Eklentisi | Google Yaz\u0131 Tiplerini, Adobe Yaz\u0131 Tiplerini Kullan\u0131n veya Yaz\u0131 Tipleri Y\u00fckleyin"},"content":{"rendered":"<p>Google Fonts k\u00fct\u00fcphanesi \u015fu anda 1455 benzersiz yaz\u0131 tipi i\u00e7eriyor. Bu eklenti, WordPress web sitenizde bunlardan herhangi birini kolayca kullanman\u0131za olanak tan\u0131r. <\/p>\n","protected":false},"excerpt":{"rendered":"<p>Google Fonts k\u00fct\u00fcphanesi \u015fu anda 1455 benzersiz yaz\u0131 tipi i\u00e7eriyor. Bu eklenti, WordPress web sitenizde bunlardan herhangi birini kolayca kullanman\u0131za olanak tan\u0131r.<\/p>\n","protected":false},"featured_media":13074,"comment_status":"open","ping_status":"closed","template":"","meta":[],"product_brand":[],"product_cat":[1413],"product_tag":[2385,2229,2375,2388,2389],"class_list":{"0":"post-14068","1":"product","2":"type-product","3":"status-publish","4":"has-post-thumbnail","6":"product_cat-eklentiler","7":"product_tag-adobe-yazi-tipleri","8":"product_tag-google-yazi-tipleri","9":"product_tag-ozel-yazi-tipleri","10":"product_tag-typekit-yazi-tipleri","11":"product_tag-yazi-tiplerini-yukle","13":"first","14":"instock","15":"downloadable","16":"virtual","17":"product-type-simple"},"_links":{"self":[{"href":"https:\/\/hexexist.com\/tr\/wp-json\/wp\/v2\/product\/14068","targetHints":{"allow":["GET"]}}],"collection":[{"href":"https:\/\/hexexist.com\/tr\/wp-json\/wp\/v2\/product"}],"about":[{"href":"https:\/\/hexexist.com\/tr\/wp-json\/wp\/v2\/types\/product"}],"replies":[{"embeddable":true,"href":"https:\/\/hexexist.com\/tr\/wp-json\/wp\/v2\/comments?post=14068"}],"wp:featuredmedia":[{"embeddable":true,"href":"https:\/\/hexexist.com\/tr\/wp-json\/wp\/v2\/media\/13074"}],"wp:attachment":[{"href":"https:\/\/hexexist.com\/tr\/wp-json\/wp\/v2\/media?parent=14068"}],"wp:term":[{"taxonomy":"product_brand","embeddable":true,"href":"https:\/\/hexexist.com\/tr\/wp-json\/wp\/v2\/product_brand?post=14068"},{"taxonomy":"product_cat","embeddable":true,"href":"https:\/\/hexexist.com\/tr\/wp-json\/wp\/v2\/product_cat?post=14068"},{"taxonomy":"product_tag","embeddable":true,"href":"https:\/\/hexexist.com\/tr\/wp-json\/wp\/v2\/product_tag?post=14068"}],"curies":[{"name":"wp","href":"https:\/\/api.w.org\/{rel}","templated":true}]}}