{"id":14069,"date":"2025-10-09T09:49:57","date_gmt":"2025-10-09T09:49:57","guid":{"rendered":"http:\/\/hexexist.com\/product\/filebird-wordpress-medya-kitapligi-klasorleri-ve-dosya-yoneticisi\/"},"modified":"2025-10-09T09:49:57","modified_gmt":"2025-10-09T09:49:57","slug":"filebird-wordpress-medya-kitapligi-klasorleri-ve-dosya-yoneticisi","status":"publish","type":"product","link":"https:\/\/hexexist.com\/tr\/urun\/filebird-wordpress-medya-kitapligi-klasorleri-ve-dosya-yoneticisi\/","title":{"rendered":"FileBird WordPress Medya Kitapl\u0131\u011f\u0131 Klas\u00f6rleri ve Dosya Y\u00f6neticisi"},"content":{"rendered":"<p>WordPress medya k\u00fct\u00fcphanesini klas\u00f6rlerle kategorize etmek i\u00e7in t\u00fcm zamanlar\u0131n en iyi eklentisi.<\/p>\n","protected":false},"excerpt":{"rendered":"<p>WordPress medya k\u00fct\u00fcphanesini klas\u00f6rlerle kategorize etmek i\u00e7in t\u00fcm zamanlar\u0131n en iyi eklentisi.<\/p>\n","protected":false},"featured_media":13069,"comment_status":"open","ping_status":"closed","template":"","meta":[],"product_brand":[],"product_cat":[1413],"product_tag":[2386,1720,1450,2387,2041],"class_list":{"0":"post-14069","1":"product","2":"type-product","3":"status-publish","4":"has-post-thumbnail","6":"product_cat-eklentiler","7":"product_tag-kategori","8":"product_tag-klasorler","9":"product_tag-medya","10":"product_tag-medya-klasorleri","11":"product_tag-wordpress-medya-kitapligi-klasorleri","13":"first","14":"instock","15":"downloadable","16":"virtual","17":"product-type-simple"},"_links":{"self":[{"href":"https:\/\/hexexist.com\/tr\/wp-json\/wp\/v2\/product\/14069","targetHints":{"allow":["GET"]}}],"collection":[{"href":"https:\/\/hexexist.com\/tr\/wp-json\/wp\/v2\/product"}],"about":[{"href":"https:\/\/hexexist.com\/tr\/wp-json\/wp\/v2\/types\/product"}],"replies":[{"embeddable":true,"href":"https:\/\/hexexist.com\/tr\/wp-json\/wp\/v2\/comments?post=14069"}],"wp:featuredmedia":[{"embeddable":true,"href":"https:\/\/hexexist.com\/tr\/wp-json\/wp\/v2\/media\/13069"}],"wp:attachment":[{"href":"https:\/\/hexexist.com\/tr\/wp-json\/wp\/v2\/media?parent=14069"}],"wp:term":[{"taxonomy":"product_brand","embeddable":true,"href":"https:\/\/hexexist.com\/tr\/wp-json\/wp\/v2\/product_brand?post=14069"},{"taxonomy":"product_cat","embeddable":true,"href":"https:\/\/hexexist.com\/tr\/wp-json\/wp\/v2\/product_cat?post=14069"},{"taxonomy":"product_tag","embeddable":true,"href":"https:\/\/hexexist.com\/tr\/wp-json\/wp\/v2\/product_tag?post=14069"}],"curies":[{"name":"wp","href":"https:\/\/api.w.org\/{rel}","templated":true}]}}