{"id":14070,"date":"2025-10-09T09:49:57","date_gmt":"2025-10-09T09:49:57","guid":{"rendered":"http:\/\/hexexist.com\/product\/mw-wp-formu\/"},"modified":"2025-10-09T09:49:57","modified_gmt":"2025-10-09T09:49:57","slug":"mw-wp-formu","status":"publish","type":"product","link":"https:\/\/hexexist.com\/tr\/urun\/mw-wp-formu\/","title":{"rendered":"MW WP Formu"},"content":{"rendered":"<p>Bu eklenti \u015fu anda yaln\u0131zca gerekli minimum bak\u0131m s\u00fcr\u00fcmlerine sahiptir. Ana bak\u0131m sorumlusu @inc2734&#8217;ten @websoudan&#8217;a devredilmi\u015ftir. <\/p>\n","protected":false},"excerpt":{"rendered":"<p>Bu eklenti \u015fu anda yaln\u0131zca gerekli minimum bak\u0131m s\u00fcr\u00fcmlerine sahiptir. Ana bak\u0131m sorumlusu @inc2734&#8217;ten @websoudan&#8217;a devredilmi\u015ftir.<\/p>\n","protected":false},"featured_media":13073,"comment_status":"open","ping_status":"closed","template":"","meta":[],"product_brand":[],"product_cat":[1413],"product_tag":[1431,1496,2390,1813,1663],"class_list":{"0":"post-14070","1":"product","2":"type-product","3":"status-publish","4":"has-post-thumbnail","6":"product_cat-eklentiler","7":"product_tag-form-tr","8":"product_tag-kisa-kod","9":"product_tag-onaylayin","10":"product_tag-onizleme","11":"product_tag-posta","13":"first","14":"instock","15":"downloadable","16":"virtual","17":"product-type-simple"},"_links":{"self":[{"href":"https:\/\/hexexist.com\/tr\/wp-json\/wp\/v2\/product\/14070","targetHints":{"allow":["GET"]}}],"collection":[{"href":"https:\/\/hexexist.com\/tr\/wp-json\/wp\/v2\/product"}],"about":[{"href":"https:\/\/hexexist.com\/tr\/wp-json\/wp\/v2\/types\/product"}],"replies":[{"embeddable":true,"href":"https:\/\/hexexist.com\/tr\/wp-json\/wp\/v2\/comments?post=14070"}],"wp:featuredmedia":[{"embeddable":true,"href":"https:\/\/hexexist.com\/tr\/wp-json\/wp\/v2\/media\/13073"}],"wp:attachment":[{"href":"https:\/\/hexexist.com\/tr\/wp-json\/wp\/v2\/media?parent=14070"}],"wp:term":[{"taxonomy":"product_brand","embeddable":true,"href":"https:\/\/hexexist.com\/tr\/wp-json\/wp\/v2\/product_brand?post=14070"},{"taxonomy":"product_cat","embeddable":true,"href":"https:\/\/hexexist.com\/tr\/wp-json\/wp\/v2\/product_cat?post=14070"},{"taxonomy":"product_tag","embeddable":true,"href":"https:\/\/hexexist.com\/tr\/wp-json\/wp\/v2\/product_tag?post=14070"}],"curies":[{"name":"wp","href":"https:\/\/api.w.org\/{rel}","templated":true}]}}