{"id":14072,"date":"2025-10-09T09:49:57","date_gmt":"2025-10-09T09:49:57","guid":{"rendered":"http:\/\/hexexist.com\/product\/malcare-wordpress-guvenlik-eklentisi-kotu-amacli-yazilim-tarayici-temizleyici-guvenlik-duvari\/"},"modified":"2025-10-09T09:49:57","modified_gmt":"2025-10-09T09:49:57","slug":"malcare-wordpress-guvenlik-eklentisi-kotu-amacli-yazilim-tarayici-temizleyici-guvenlik-duvari","status":"publish","type":"product","link":"https:\/\/hexexist.com\/tr\/urun\/malcare-wordpress-guvenlik-eklentisi-kotu-amacli-yazilim-tarayici-temizleyici-guvenlik-duvari\/","title":{"rendered":"MalCare WordPress G\u00fcvenlik Eklentisi K\u00f6t\u00fc Ama\u00e7l\u0131 Yaz\u0131l\u0131m Taray\u0131c\u0131, Temizleyici, G\u00fcvenlik Duvar\u0131"},"content":{"rendered":"<p>WordPress Web Siteleri \u0130\u00e7in G\u00fcvenlik Eklentisi<\/p>\n","protected":false},"excerpt":{"rendered":"<p>WordPress Web Siteleri \u0130\u00e7in G\u00fcvenlik Eklentisi<\/p>\n","protected":false},"featured_media":13072,"comment_status":"open","ping_status":"closed","template":"","meta":[],"product_brand":[],"product_cat":[1413],"product_tag":[2395,1456,1458,2396],"class_list":{"0":"post-14072","1":"product","2":"type-product","3":"status-publish","4":"has-post-thumbnail","6":"product_cat-eklentiler","7":"product_tag-guvenlik-aciklari","8":"product_tag-guvenlik-duvari","9":"product_tag-kotu-amacli-yazilim-tarayicisi","10":"product_tag-wordpress-guvenligi","12":"first","13":"instock","14":"downloadable","15":"virtual","16":"product-type-simple"},"_links":{"self":[{"href":"https:\/\/hexexist.com\/tr\/wp-json\/wp\/v2\/product\/14072","targetHints":{"allow":["GET"]}}],"collection":[{"href":"https:\/\/hexexist.com\/tr\/wp-json\/wp\/v2\/product"}],"about":[{"href":"https:\/\/hexexist.com\/tr\/wp-json\/wp\/v2\/types\/product"}],"replies":[{"embeddable":true,"href":"https:\/\/hexexist.com\/tr\/wp-json\/wp\/v2\/comments?post=14072"}],"wp:featuredmedia":[{"embeddable":true,"href":"https:\/\/hexexist.com\/tr\/wp-json\/wp\/v2\/media\/13072"}],"wp:attachment":[{"href":"https:\/\/hexexist.com\/tr\/wp-json\/wp\/v2\/media?parent=14072"}],"wp:term":[{"taxonomy":"product_brand","embeddable":true,"href":"https:\/\/hexexist.com\/tr\/wp-json\/wp\/v2\/product_brand?post=14072"},{"taxonomy":"product_cat","embeddable":true,"href":"https:\/\/hexexist.com\/tr\/wp-json\/wp\/v2\/product_cat?post=14072"},{"taxonomy":"product_tag","embeddable":true,"href":"https:\/\/hexexist.com\/tr\/wp-json\/wp\/v2\/product_tag?post=14072"}],"curies":[{"name":"wp","href":"https:\/\/api.w.org\/{rel}","templated":true}]}}