{"id":14073,"date":"2025-10-09T09:49:58","date_gmt":"2025-10-09T09:49:58","guid":{"rendered":"http:\/\/hexexist.com\/product\/elementor-icin-qi-eklentileri\/"},"modified":"2025-10-09T09:49:58","modified_gmt":"2025-10-09T09:49:58","slug":"elementor-icin-qi-eklentileri","status":"publish","type":"product","link":"https:\/\/hexexist.com\/tr\/urun\/elementor-icin-qi-eklentileri\/","title":{"rendered":"Elementor \u0130\u00e7in Qi Eklentileri"},"content":{"rendered":"<p>Elementor i\u00e7in Qi Addons, en \u00e7ok satan premium WordPress tema yazarlar\u0131ndan biri olan \u00f6d\u00fcll\u00fc Qode Interactive taraf\u0131ndan geli\u015ftirilen \u00f6zel ve tamamen esnek Elementor widget&#8217;lar\u0131ndan olu\u015fan en b\u00fcy\u00fck \u00fccretsiz k\u00fct\u00fcphanedir. Qi Addons&#8217;\u0131n \u00fccretsiz s\u00fcr\u00fcm\u00fc Elementor i\u00e7in 60&#8217;tan fazla g\u00fc\u00e7l\u00fc \u00f6zel widget ile birlikte gelirken, Elementor Premium i\u00e7in Qi Addons size 100&#8217;den fazla \u00f6zenle tasarlanm\u0131\u015f, kapsaml\u0131 Elementor eklentisinden olu\u015fan \u00e7arp\u0131c\u0131 bir se\u00e7ki sunar. <\/p>\n","protected":false},"excerpt":{"rendered":"<p>Elementor i\u00e7in Qi Addons, en \u00e7ok satan premium WordPress tema yazarlar\u0131ndan biri olan \u00f6d\u00fcll\u00fc Qode Interactive taraf\u0131ndan geli\u015ftirilen \u00f6zel ve tamamen esnek Elementor widget&#8217;lar\u0131ndan olu\u015fan en b\u00fcy\u00fck \u00fccretsiz k\u00fct\u00fcphanedir. Qi Addons&#8217;\u0131n \u00fccretsiz s\u00fcr\u00fcm\u00fc Elementor i\u00e7in 60&#8217;tan fazla g\u00fc\u00e7l\u00fc \u00f6zel widget ile birlikte gelirken, Elementor Premium i\u00e7in Qi Addons size 100&#8217;den fazla \u00f6zenle tasarlanm\u0131\u015f, kapsaml\u0131 Elementor [&hellip;]<\/p>\n","protected":false},"featured_media":13079,"comment_status":"open","ping_status":"closed","template":"","meta":[],"product_brand":[],"product_cat":[1413],"product_tag":[1976,1532,1537,2397,1538],"class_list":{"0":"post-14073","1":"product","2":"type-product","3":"status-publish","4":"has-post-thumbnail","6":"product_cat-eklentiler","7":"product_tag-eklentiler","8":"product_tag-elementor-tr","9":"product_tag-elementor-eklentileri","10":"product_tag-elementor-elemanlar","11":"product_tag-elementor-widgetlari","13":"first","14":"instock","15":"downloadable","16":"virtual","17":"product-type-simple"},"_links":{"self":[{"href":"https:\/\/hexexist.com\/tr\/wp-json\/wp\/v2\/product\/14073","targetHints":{"allow":["GET"]}}],"collection":[{"href":"https:\/\/hexexist.com\/tr\/wp-json\/wp\/v2\/product"}],"about":[{"href":"https:\/\/hexexist.com\/tr\/wp-json\/wp\/v2\/types\/product"}],"replies":[{"embeddable":true,"href":"https:\/\/hexexist.com\/tr\/wp-json\/wp\/v2\/comments?post=14073"}],"wp:featuredmedia":[{"embeddable":true,"href":"https:\/\/hexexist.com\/tr\/wp-json\/wp\/v2\/media\/13079"}],"wp:attachment":[{"href":"https:\/\/hexexist.com\/tr\/wp-json\/wp\/v2\/media?parent=14073"}],"wp:term":[{"taxonomy":"product_brand","embeddable":true,"href":"https:\/\/hexexist.com\/tr\/wp-json\/wp\/v2\/product_brand?post=14073"},{"taxonomy":"product_cat","embeddable":true,"href":"https:\/\/hexexist.com\/tr\/wp-json\/wp\/v2\/product_cat?post=14073"},{"taxonomy":"product_tag","embeddable":true,"href":"https:\/\/hexexist.com\/tr\/wp-json\/wp\/v2\/product_tag?post=14073"}],"curies":[{"name":"wp","href":"https:\/\/api.w.org\/{rel}","templated":true}]}}