{"id":14075,"date":"2025-10-09T09:49:59","date_gmt":"2025-10-09T09:49:59","guid":{"rendered":"http:\/\/hexexist.com\/product\/woocommerce-icin-fibosearch-ajax-arama\/"},"modified":"2025-10-09T09:49:59","modified_gmt":"2025-10-09T09:49:59","slug":"woocommerce-icin-fibosearch-ajax-arama","status":"publish","type":"product","link":"https:\/\/hexexist.com\/tr\/urun\/woocommerce-icin-fibosearch-ajax-arama\/","title":{"rendered":"WooCommerce i\u00e7in FiboSearch Ajax Arama"},"content":{"rendered":"<p>En pop\u00fcler WooCommerce \u00fcr\u00fcn arama eklentisi. Kullan\u0131c\u0131lar\u0131n\u0131za canl\u0131 arama \u00f6nerileri ile iyi tasarlanm\u0131\u015f geli\u015fmi\u015f bir AJAX arama \u00e7ubu\u011fu sunar. <\/p>\n","protected":false},"excerpt":{"rendered":"<p>En pop\u00fcler WooCommerce \u00fcr\u00fcn arama eklentisi. Kullan\u0131c\u0131lar\u0131n\u0131za canl\u0131 arama \u00f6nerileri ile iyi tasarlanm\u0131\u015f geli\u015fmi\u015f bir AJAX arama \u00e7ubu\u011fu sunar.<\/p>\n","protected":false},"featured_media":13086,"comment_status":"open","ping_status":"closed","template":"","meta":[],"product_brand":[],"product_cat":[1413],"product_tag":[1929,2402,1568,1459,1570],"class_list":{"0":"post-14075","1":"product","2":"type-product","3":"status-publish","4":"has-post-thumbnail","6":"product_cat-eklentiler","7":"product_tag-ajax-arama","8":"product_tag-skuya-gore-ara","9":"product_tag-urun-arama","10":"product_tag-woocommerce-tr","11":"product_tag-woocommerce-arama","13":"first","14":"instock","15":"downloadable","16":"virtual","17":"product-type-simple"},"_links":{"self":[{"href":"https:\/\/hexexist.com\/tr\/wp-json\/wp\/v2\/product\/14075","targetHints":{"allow":["GET"]}}],"collection":[{"href":"https:\/\/hexexist.com\/tr\/wp-json\/wp\/v2\/product"}],"about":[{"href":"https:\/\/hexexist.com\/tr\/wp-json\/wp\/v2\/types\/product"}],"replies":[{"embeddable":true,"href":"https:\/\/hexexist.com\/tr\/wp-json\/wp\/v2\/comments?post=14075"}],"wp:featuredmedia":[{"embeddable":true,"href":"https:\/\/hexexist.com\/tr\/wp-json\/wp\/v2\/media\/13086"}],"wp:attachment":[{"href":"https:\/\/hexexist.com\/tr\/wp-json\/wp\/v2\/media?parent=14075"}],"wp:term":[{"taxonomy":"product_brand","embeddable":true,"href":"https:\/\/hexexist.com\/tr\/wp-json\/wp\/v2\/product_brand?post=14075"},{"taxonomy":"product_cat","embeddable":true,"href":"https:\/\/hexexist.com\/tr\/wp-json\/wp\/v2\/product_cat?post=14075"},{"taxonomy":"product_tag","embeddable":true,"href":"https:\/\/hexexist.com\/tr\/wp-json\/wp\/v2\/product_tag?post=14075"}],"curies":[{"name":"wp","href":"https:\/\/api.w.org\/{rel}","templated":true}]}}