{"id":14076,"date":"2025-10-09T09:49:58","date_gmt":"2025-10-09T09:49:58","guid":{"rendered":"http:\/\/hexexist.com\/product\/php-uyumluluk-denetleyicisi\/"},"modified":"2025-10-09T09:49:58","modified_gmt":"2025-10-09T09:49:58","slug":"php-uyumluluk-denetleyicisi","status":"publish","type":"product","link":"https:\/\/hexexist.com\/tr\/urun\/php-uyumluluk-denetleyicisi\/","title":{"rendered":"PHP Uyumluluk Denetleyicisi"},"content":{"rendered":"<p>WP Engine PHP Uyumluluk Denetleyicisi, PHP s\u00fcr\u00fcm uyumlulu\u011funu kontrol etmek i\u00e7in herhangi bir web bar\u0131nd\u0131r\u0131c\u0131s\u0131ndaki herhangi bir WordPress web sitesi taraf\u0131ndan kullan\u0131labilir.<\/p>\n","protected":false},"excerpt":{"rendered":"<p>WP Engine PHP Uyumluluk Denetleyicisi, PHP s\u00fcr\u00fcm uyumlulu\u011funu kontrol etmek i\u00e7in herhangi bir web bar\u0131nd\u0131r\u0131c\u0131s\u0131ndaki herhangi bir WordPress web sitesi taraf\u0131ndan kullan\u0131labilir.<\/p>\n","protected":false},"featured_media":13077,"comment_status":"open","ping_status":"closed","template":"","meta":[],"product_brand":[],"product_cat":[1413],"product_tag":[1425,2403,2268],"class_list":{"0":"post-14076","1":"product","2":"type-product","3":"status-publish","4":"has-post-thumbnail","6":"product_cat-eklentiler","7":"product_tag-php-tr","8":"product_tag-uyumluluk","9":"product_tag-versiyon","11":"first","12":"instock","13":"downloadable","14":"virtual","15":"product-type-simple"},"_links":{"self":[{"href":"https:\/\/hexexist.com\/tr\/wp-json\/wp\/v2\/product\/14076","targetHints":{"allow":["GET"]}}],"collection":[{"href":"https:\/\/hexexist.com\/tr\/wp-json\/wp\/v2\/product"}],"about":[{"href":"https:\/\/hexexist.com\/tr\/wp-json\/wp\/v2\/types\/product"}],"replies":[{"embeddable":true,"href":"https:\/\/hexexist.com\/tr\/wp-json\/wp\/v2\/comments?post=14076"}],"wp:featuredmedia":[{"embeddable":true,"href":"https:\/\/hexexist.com\/tr\/wp-json\/wp\/v2\/media\/13077"}],"wp:attachment":[{"href":"https:\/\/hexexist.com\/tr\/wp-json\/wp\/v2\/media?parent=14076"}],"wp:term":[{"taxonomy":"product_brand","embeddable":true,"href":"https:\/\/hexexist.com\/tr\/wp-json\/wp\/v2\/product_brand?post=14076"},{"taxonomy":"product_cat","embeddable":true,"href":"https:\/\/hexexist.com\/tr\/wp-json\/wp\/v2\/product_cat?post=14076"},{"taxonomy":"product_tag","embeddable":true,"href":"https:\/\/hexexist.com\/tr\/wp-json\/wp\/v2\/product_tag?post=14076"}],"curies":[{"name":"wp","href":"https:\/\/api.w.org\/{rel}","templated":true}]}}