{"id":14078,"date":"2025-10-09T09:49:59","date_gmt":"2025-10-09T09:49:59","guid":{"rendered":"http:\/\/hexexist.com\/product\/woocommerce-icin-google-analytics\/"},"modified":"2025-10-09T09:49:59","modified_gmt":"2025-10-09T09:49:59","slug":"woocommerce-icin-google-analytics","status":"publish","type":"product","link":"https:\/\/hexexist.com\/tr\/urun\/woocommerce-icin-google-analytics\/","title":{"rendered":"WooCommerce i\u00e7in Google Analytics"},"content":{"rendered":"<p>Bu eklenti, Google Analytics ile WooCommerce eklentisi aras\u0131nda entegrasyon sa\u011flar. Bir y\u00f6nlendirmeyi bir sat\u0131n alma i\u015flemine ba\u011flayabilir ve i\u015flem bilgilerini Google Analytics verilerinize ekleyebilirsiniz. Global Site Etiketi (GA4) ve e-Ticaret etkinlik takibini destekler.<\/p>\n","protected":false},"excerpt":{"rendered":"<p>Bu eklenti, Google Analytics ile WooCommerce eklentisi aras\u0131nda entegrasyon sa\u011flar. Bir y\u00f6nlendirmeyi bir sat\u0131n alma i\u015flemine ba\u011flayabilir ve i\u015flem bilgilerini Google Analytics verilerinize ekleyebilirsiniz. Global Site Etiketi (GA4) ve e-Ticaret etkinlik takibini destekler.<\/p>\n","protected":false},"featured_media":13084,"comment_status":"open","ping_status":"closed","template":"","meta":[],"product_brand":[],"product_cat":[1413],"product_tag":[1980,1459],"class_list":{"0":"post-14078","1":"product","2":"type-product","3":"status-publish","4":"has-post-thumbnail","6":"product_cat-eklentiler","7":"product_tag-google-analitik","8":"product_tag-woocommerce-tr","10":"first","11":"instock","12":"downloadable","13":"virtual","14":"product-type-simple"},"_links":{"self":[{"href":"https:\/\/hexexist.com\/tr\/wp-json\/wp\/v2\/product\/14078","targetHints":{"allow":["GET"]}}],"collection":[{"href":"https:\/\/hexexist.com\/tr\/wp-json\/wp\/v2\/product"}],"about":[{"href":"https:\/\/hexexist.com\/tr\/wp-json\/wp\/v2\/types\/product"}],"replies":[{"embeddable":true,"href":"https:\/\/hexexist.com\/tr\/wp-json\/wp\/v2\/comments?post=14078"}],"wp:featuredmedia":[{"embeddable":true,"href":"https:\/\/hexexist.com\/tr\/wp-json\/wp\/v2\/media\/13084"}],"wp:attachment":[{"href":"https:\/\/hexexist.com\/tr\/wp-json\/wp\/v2\/media?parent=14078"}],"wp:term":[{"taxonomy":"product_brand","embeddable":true,"href":"https:\/\/hexexist.com\/tr\/wp-json\/wp\/v2\/product_brand?post=14078"},{"taxonomy":"product_cat","embeddable":true,"href":"https:\/\/hexexist.com\/tr\/wp-json\/wp\/v2\/product_cat?post=14078"},{"taxonomy":"product_tag","embeddable":true,"href":"https:\/\/hexexist.com\/tr\/wp-json\/wp\/v2\/product_tag?post=14078"}],"curies":[{"name":"wp","href":"https:\/\/api.w.org\/{rel}","templated":true}]}}