{"id":14079,"date":"2025-10-09T09:49:58","date_gmt":"2025-10-09T09:49:58","guid":{"rendered":"http:\/\/hexexist.com\/product\/fotograf-galerisi-by-10web-mobil-uyumlu-resim-galerisi\/"},"modified":"2025-10-09T09:49:58","modified_gmt":"2025-10-09T09:49:58","slug":"fotograf-galerisi-by-10web-mobil-uyumlu-resim-galerisi","status":"publish","type":"product","link":"https:\/\/hexexist.com\/tr\/urun\/fotograf-galerisi-by-10web-mobil-uyumlu-resim-galerisi\/","title":{"rendered":"Foto\u011fraf Galerisi by 10Web Mobil Uyumlu Resim Galerisi"},"content":{"rendered":"<p>Photo Gallery, birka\u00e7 dakika i\u00e7inde g\u00fczel mobil uyumlu galeriler olu\u015fturmak i\u00e7in \u00f6nde gelen eklentidir.<\/p>\n","protected":false},"excerpt":{"rendered":"<p>Photo Gallery, birka\u00e7 dakika i\u00e7inde g\u00fczel mobil uyumlu galeriler olu\u015fturmak i\u00e7in \u00f6nde gelen eklentidir.<\/p>\n","protected":false},"featured_media":13076,"comment_status":"open","ping_status":"closed","template":"","meta":[],"product_brand":[],"product_cat":[1413],"product_tag":[2090,2069,1703,2067,2071],"class_list":{"0":"post-14079","1":"product","2":"type-product","3":"status-publish","4":"has-post-thumbnail","6":"product_cat-eklentiler","7":"product_tag-duyarli-galeri","8":"product_tag-fotograf-galerisi","9":"product_tag-galeri","10":"product_tag-resim-galerisi","11":"product_tag-wordpress-galeri-eklentisi","13":"first","14":"instock","15":"downloadable","16":"virtual","17":"product-type-simple"},"_links":{"self":[{"href":"https:\/\/hexexist.com\/tr\/wp-json\/wp\/v2\/product\/14079","targetHints":{"allow":["GET"]}}],"collection":[{"href":"https:\/\/hexexist.com\/tr\/wp-json\/wp\/v2\/product"}],"about":[{"href":"https:\/\/hexexist.com\/tr\/wp-json\/wp\/v2\/types\/product"}],"replies":[{"embeddable":true,"href":"https:\/\/hexexist.com\/tr\/wp-json\/wp\/v2\/comments?post=14079"}],"wp:featuredmedia":[{"embeddable":true,"href":"https:\/\/hexexist.com\/tr\/wp-json\/wp\/v2\/media\/13076"}],"wp:attachment":[{"href":"https:\/\/hexexist.com\/tr\/wp-json\/wp\/v2\/media?parent=14079"}],"wp:term":[{"taxonomy":"product_brand","embeddable":true,"href":"https:\/\/hexexist.com\/tr\/wp-json\/wp\/v2\/product_brand?post=14079"},{"taxonomy":"product_cat","embeddable":true,"href":"https:\/\/hexexist.com\/tr\/wp-json\/wp\/v2\/product_cat?post=14079"},{"taxonomy":"product_tag","embeddable":true,"href":"https:\/\/hexexist.com\/tr\/wp-json\/wp\/v2\/product_tag?post=14079"}],"curies":[{"name":"wp","href":"https:\/\/api.w.org\/{rel}","templated":true}]}}