{"id":14080,"date":"2025-10-09T09:49:58","date_gmt":"2025-10-09T09:49:58","guid":{"rendered":"http:\/\/hexexist.com\/product\/optimole-goruntuleri-optimize-et-webp-ve-avif-donustur-cdn-ve-tembel-yukleme-goruntu-optimizasyonu\/"},"modified":"2025-10-09T09:49:58","modified_gmt":"2025-10-09T09:49:58","slug":"optimole-goruntuleri-optimize-et-webp-ve-avif-donustur-cdn-ve-tembel-yukleme-goruntu-optimizasyonu","status":"publish","type":"product","link":"https:\/\/hexexist.com\/tr\/urun\/optimole-goruntuleri-optimize-et-webp-ve-avif-donustur-cdn-ve-tembel-yukleme-goruntu-optimizasyonu\/","title":{"rendered":"Optimole G\u00f6r\u00fcnt\u00fcleri Optimize Et | WebP ve AVIF D\u00f6n\u00fc\u015ft\u00fcr | CDN ve Tembel Y\u00fckleme | G\u00f6r\u00fcnt\u00fc Optimizasyonu"},"content":{"rendered":"<p>Optimole, g\u00f6rselleri otomatik olarak s\u0131k\u0131\u015ft\u0131rman\u0131za, yeniden boyutland\u0131rman\u0131za ve g\u00f6rsellerinizi 450&#8217;den fazla konumdan \u0131\u015f\u0131k h\u0131z\u0131nda CDN arac\u0131l\u0131\u011f\u0131yla sunman\u0131za yard\u0131mc\u0131 olan eksiksiz bir g\u00f6rsel optimizasyon merkezidir. Optimole, \u00fcr\u00fcn g\u00f6rsellerinden portf\u00f6y foto\u011fraflar\u0131na kadar her \u015feyin \u00fcstesinden gelir. WebP ve AVIF d\u00f6n\u00fc\u015ft\u00fcrme, ak\u0131ll\u0131 tembel y\u00fckleme ve ML destekli optimizasyon ile Optimole, sayfa h\u0131z\u0131n\u0131, Core Web Vitals&#8217;\u0131 ve SEO s\u0131ralamalar\u0131n\u0131 \u00f6nemli \u00f6l\u00e7\u00fcde iyile\u015ftirir ve bunlar\u0131n t\u00fcm\u00fc s\u0131f\u0131r yap\u0131land\u0131rma gerektirir. Yava\u015f y\u00fcklenen g\u00f6rsellere elveda deyin ve ziyaret\u00e7ilerin ve arama motorlar\u0131n\u0131n sevece\u011fi daha h\u0131zl\u0131 bir web sitesine merhaba deyin.<\/p>\n","protected":false},"excerpt":{"rendered":"<p>Optimole, g\u00f6rselleri otomatik olarak s\u0131k\u0131\u015ft\u0131rman\u0131za, yeniden boyutland\u0131rman\u0131za ve g\u00f6rsellerinizi 450&#8217;den fazla konumdan \u0131\u015f\u0131k h\u0131z\u0131nda CDN arac\u0131l\u0131\u011f\u0131yla sunman\u0131za yard\u0131mc\u0131 olan eksiksiz bir g\u00f6rsel optimizasyon merkezidir. Optimole, \u00fcr\u00fcn g\u00f6rsellerinden portf\u00f6y foto\u011fraflar\u0131na kadar her \u015feyin \u00fcstesinden gelir. WebP ve AVIF d\u00f6n\u00fc\u015ft\u00fcrme, ak\u0131ll\u0131 tembel y\u00fckleme ve ML destekli optimizasyon ile Optimole, sayfa h\u0131z\u0131n\u0131, Core Web Vitals&#8217;\u0131 ve SEO s\u0131ralamalar\u0131n\u0131 [&hellip;]<\/p>\n","protected":false},"featured_media":13075,"comment_status":"open","ping_status":"closed","template":"","meta":[],"product_brand":[],"product_cat":[1413],"product_tag":[2407,2176,2406,1820,2405],"class_list":{"0":"post-14080","1":"product","2":"type-product","3":"status-publish","4":"has-post-thumbnail","6":"product_cat-eklentiler","7":"product_tag-goruntu-iyilestirici","8":"product_tag-goruntu-optimizasyonu","9":"product_tag-goruntuleri-optimize-edin","10":"product_tag-tembel-yuk","11":"product_tag-webp-donusturmek","13":"first","14":"instock","15":"downloadable","16":"virtual","17":"product-type-simple"},"_links":{"self":[{"href":"https:\/\/hexexist.com\/tr\/wp-json\/wp\/v2\/product\/14080","targetHints":{"allow":["GET"]}}],"collection":[{"href":"https:\/\/hexexist.com\/tr\/wp-json\/wp\/v2\/product"}],"about":[{"href":"https:\/\/hexexist.com\/tr\/wp-json\/wp\/v2\/types\/product"}],"replies":[{"embeddable":true,"href":"https:\/\/hexexist.com\/tr\/wp-json\/wp\/v2\/comments?post=14080"}],"wp:featuredmedia":[{"embeddable":true,"href":"https:\/\/hexexist.com\/tr\/wp-json\/wp\/v2\/media\/13075"}],"wp:attachment":[{"href":"https:\/\/hexexist.com\/tr\/wp-json\/wp\/v2\/media?parent=14080"}],"wp:term":[{"taxonomy":"product_brand","embeddable":true,"href":"https:\/\/hexexist.com\/tr\/wp-json\/wp\/v2\/product_brand?post=14080"},{"taxonomy":"product_cat","embeddable":true,"href":"https:\/\/hexexist.com\/tr\/wp-json\/wp\/v2\/product_cat?post=14080"},{"taxonomy":"product_tag","embeddable":true,"href":"https:\/\/hexexist.com\/tr\/wp-json\/wp\/v2\/product_tag?post=14080"}],"curies":[{"name":"wp","href":"https:\/\/api.w.org\/{rel}","templated":true}]}}