{"id":14081,"date":"2025-10-09T09:49:59","date_gmt":"2025-10-09T09:49:59","guid":{"rendered":"http:\/\/hexexist.com\/product\/kullanici-degistirme\/"},"modified":"2025-10-09T09:49:59","modified_gmt":"2025-10-09T09:49:59","slug":"kullanici-degistirme","status":"publish","type":"product","link":"https:\/\/hexexist.com\/tr\/urun\/kullanici-degistirme\/","title":{"rendered":"Kullan\u0131c\u0131 De\u011fi\u015ftirme"},"content":{"rendered":"<p>Bu eklenti, bir d\u00fc\u011fmeye t\u0131klayarak WordPress&#8217;teki kullan\u0131c\u0131 hesaplar\u0131 aras\u0131nda h\u0131zl\u0131 bir \u015fekilde ge\u00e7i\u015f yapman\u0131z\u0131 sa\u011flar. An\u0131nda oturumu kapat\u0131r ve istedi\u011finiz kullan\u0131c\u0131 olarak oturum a\u00e7ars\u0131n\u0131z. Bu, WooCommerce sitelerinde, \u00fcyelik sitelerinde, test ortamlar\u0131nda veya y\u00f6neticilerin birden fazla hesap aras\u0131nda ge\u00e7i\u015f yapmas\u0131 gereken herhangi bir sitede m\u00fc\u015fterilere yard\u0131mc\u0131 olmak i\u00e7in kullan\u0131\u015fl\u0131d\u0131r.  <\/p>\n","protected":false},"excerpt":{"rendered":"<p>Bu eklenti, bir d\u00fc\u011fmeye t\u0131klayarak WordPress&#8217;teki kullan\u0131c\u0131 hesaplar\u0131 aras\u0131nda h\u0131zl\u0131 bir \u015fekilde ge\u00e7i\u015f yapman\u0131z\u0131 sa\u011flar. An\u0131nda oturumu kapat\u0131r ve istedi\u011finiz kullan\u0131c\u0131 olarak oturum a\u00e7ars\u0131n\u0131z. Bu, WooCommerce sitelerinde, \u00fcyelik sitelerinde, test ortamlar\u0131nda veya y\u00f6neticilerin birden fazla hesap aras\u0131nda ge\u00e7i\u015f yapmas\u0131 gereken herhangi bir sitede m\u00fc\u015fterilere yard\u0131mc\u0131 olmak i\u00e7in kullan\u0131\u015fl\u0131d\u0131r.<\/p>\n","protected":false},"featured_media":13083,"comment_status":"open","ping_status":"closed","template":"","meta":[],"product_brand":[],"product_cat":[1413],"product_tag":[2409,2410,2245,2408,1459],"class_list":{"0":"post-14081","1":"product","2":"type-product","3":"status-publish","4":"has-post-thumbnail","6":"product_cat-eklentiler","7":"product_tag-hizli-kullanici-gecisi","8":"product_tag-kullanici-degistirme","9":"product_tag-kullanicilar","10":"product_tag-multisite-tr","11":"product_tag-woocommerce-tr","13":"first","14":"instock","15":"downloadable","16":"virtual","17":"product-type-simple"},"_links":{"self":[{"href":"https:\/\/hexexist.com\/tr\/wp-json\/wp\/v2\/product\/14081","targetHints":{"allow":["GET"]}}],"collection":[{"href":"https:\/\/hexexist.com\/tr\/wp-json\/wp\/v2\/product"}],"about":[{"href":"https:\/\/hexexist.com\/tr\/wp-json\/wp\/v2\/types\/product"}],"replies":[{"embeddable":true,"href":"https:\/\/hexexist.com\/tr\/wp-json\/wp\/v2\/comments?post=14081"}],"wp:featuredmedia":[{"embeddable":true,"href":"https:\/\/hexexist.com\/tr\/wp-json\/wp\/v2\/media\/13083"}],"wp:attachment":[{"href":"https:\/\/hexexist.com\/tr\/wp-json\/wp\/v2\/media?parent=14081"}],"wp:term":[{"taxonomy":"product_brand","embeddable":true,"href":"https:\/\/hexexist.com\/tr\/wp-json\/wp\/v2\/product_brand?post=14081"},{"taxonomy":"product_cat","embeddable":true,"href":"https:\/\/hexexist.com\/tr\/wp-json\/wp\/v2\/product_cat?post=14081"},{"taxonomy":"product_tag","embeddable":true,"href":"https:\/\/hexexist.com\/tr\/wp-json\/wp\/v2\/product_tag?post=14081"}],"curies":[{"name":"wp","href":"https:\/\/api.w.org\/{rel}","templated":true}]}}