{"id":14082,"date":"2025-10-09T09:49:59","date_gmt":"2025-10-09T09:49:59","guid":{"rendered":"http:\/\/hexexist.com\/product\/ultimate-uye-kullanici-profili-kayit-giris-uye-dizini-icerik-kisitlama-ve-uyelik-eklentisi\/"},"modified":"2025-10-09T09:49:59","modified_gmt":"2025-10-09T09:49:59","slug":"ultimate-uye-kullanici-profili-kayit-giris-uye-dizini-icerik-kisitlama-ve-uyelik-eklentisi","status":"publish","type":"product","link":"https:\/\/hexexist.com\/tr\/urun\/ultimate-uye-kullanici-profili-kayit-giris-uye-dizini-icerik-kisitlama-ve-uyelik-eklentisi\/","title":{"rendered":"Ultimate \u00dcye Kullan\u0131c\u0131 Profili, Kay\u0131t, Giri\u015f, \u00dcye Dizini, \u0130\u00e7erik K\u0131s\u0131tlama ve \u00dcyelik Eklentisi"},"content":{"rendered":"<p>WordPress i\u00e7in nihai kullan\u0131c\u0131 profili ve \u00fcyelik eklentisi. Eklenti, kullan\u0131c\u0131lar\u0131n kaydolmas\u0131n\u0131 ve web sitenize \u00fcye olmas\u0131n\u0131 kolayla\u015ft\u0131r\u0131r. Eklenti, sitenize g\u00fczel kullan\u0131c\u0131 profilleri eklemenize olanak tan\u0131r ve geli\u015fmi\u015f \u00e7evrimi\u00e7i topluluklar ve \u00fcyelik siteleri olu\u015fturmak i\u00e7in tasarlanm\u0131\u015ft\u0131r. Hafif ve son derece geni\u015fletilebilir olan Ultimate Member, kullan\u0131c\u0131lar\u0131n mutlak kolayl\u0131kla kat\u0131labilece\u011fi ve \u00fcye olabilece\u011fi hemen hemen her t\u00fcr siteyi olu\u015fturman\u0131za olanak tan\u0131r.   <\/p>\n","protected":false},"excerpt":{"rendered":"<p>WordPress i\u00e7in nihai kullan\u0131c\u0131 profili ve \u00fcyelik eklentisi. Eklenti, kullan\u0131c\u0131lar\u0131n kaydolmas\u0131n\u0131 ve web sitenize \u00fcye olmas\u0131n\u0131 kolayla\u015ft\u0131r\u0131r. Eklenti, sitenize g\u00fczel kullan\u0131c\u0131 profilleri eklemenize olanak tan\u0131r ve geli\u015fmi\u015f \u00e7evrimi\u00e7i topluluklar ve \u00fcyelik siteleri olu\u015fturmak i\u00e7in tasarlanm\u0131\u015ft\u0131r. Hafif ve son derece geni\u015fletilebilir olan Ultimate Member, kullan\u0131c\u0131lar\u0131n mutlak kolayl\u0131kla kat\u0131labilece\u011fi ve \u00fcye olabilece\u011fi hemen hemen her t\u00fcr siteyi [&hellip;]<\/p>\n","protected":false},"featured_media":13082,"comment_status":"open","ping_status":"closed","template":"","meta":[],"product_brand":[],"product_cat":[1413],"product_tag":[2119,1932,2261,2411,2118],"class_list":{"0":"post-14082","1":"product","2":"type-product","3":"status-publish","4":"has-post-thumbnail","6":"product_cat-eklentiler","7":"product_tag-kullanici-kaydi","8":"product_tag-kullanici-profili","9":"product_tag-topluluk","10":"product_tag-uye","11":"product_tag-uyelik","13":"first","14":"instock","15":"downloadable","16":"virtual","17":"product-type-simple"},"_links":{"self":[{"href":"https:\/\/hexexist.com\/tr\/wp-json\/wp\/v2\/product\/14082","targetHints":{"allow":["GET"]}}],"collection":[{"href":"https:\/\/hexexist.com\/tr\/wp-json\/wp\/v2\/product"}],"about":[{"href":"https:\/\/hexexist.com\/tr\/wp-json\/wp\/v2\/types\/product"}],"replies":[{"embeddable":true,"href":"https:\/\/hexexist.com\/tr\/wp-json\/wp\/v2\/comments?post=14082"}],"wp:featuredmedia":[{"embeddable":true,"href":"https:\/\/hexexist.com\/tr\/wp-json\/wp\/v2\/media\/13082"}],"wp:attachment":[{"href":"https:\/\/hexexist.com\/tr\/wp-json\/wp\/v2\/media?parent=14082"}],"wp:term":[{"taxonomy":"product_brand","embeddable":true,"href":"https:\/\/hexexist.com\/tr\/wp-json\/wp\/v2\/product_brand?post=14082"},{"taxonomy":"product_cat","embeddable":true,"href":"https:\/\/hexexist.com\/tr\/wp-json\/wp\/v2\/product_cat?post=14082"},{"taxonomy":"product_tag","embeddable":true,"href":"https:\/\/hexexist.com\/tr\/wp-json\/wp\/v2\/product_tag?post=14082"}],"curies":[{"name":"wp","href":"https:\/\/api.w.org\/{rel}","templated":true}]}}