{"id":14083,"date":"2025-10-09T09:49:59","date_gmt":"2025-10-09T09:49:59","guid":{"rendered":"http:\/\/hexexist.com\/product\/seo-cercevesi-hizli-otomatik-zahmetsiz\/"},"modified":"2025-10-09T09:49:59","modified_gmt":"2025-10-09T09:49:59","slug":"seo-cercevesi-hizli-otomatik-zahmetsiz","status":"publish","type":"product","link":"https:\/\/hexexist.com\/tr\/urun\/seo-cercevesi-hizli-otomatik-zahmetsiz\/","title":{"rendered":"SEO \u00c7er\u00e7evesi H\u0131zl\u0131, Otomatik, Zahmetsiz."},"content":{"rendered":"<p>WordPress ve arama motorlar\u0131 taraf\u0131ndan dayat\u0131lan y\u00f6nergeleri ve kurallar\u0131 takip eden en h\u0131zl\u0131 ve tek eksiksiz \u00f6zellikli SEO eklentisi.<\/p>\n","protected":false},"excerpt":{"rendered":"<p>WordPress ve arama motorlar\u0131 taraf\u0131ndan dayat\u0131lan y\u00f6nergeleri ve kurallar\u0131 takip eden en h\u0131zl\u0131 ve tek eksiksiz \u00f6zellikli SEO eklentisi.<\/p>\n","protected":false},"featured_media":13087,"comment_status":"open","ping_status":"closed","template":"","meta":[],"product_brand":[],"product_cat":[1413],"product_tag":[1587,2412,1583,2242,2172],"class_list":{"0":"post-14083","1":"product","2":"type-product","3":"status-publish","4":"has-post-thumbnail","6":"product_cat-eklentiler","7":"product_tag-acik-grafik","8":"product_tag-google-arama","9":"product_tag-seo-tr","10":"product_tag-xml-site-haritasi","11":"product_tag-yapilandirilmis-veri","13":"first","14":"instock","15":"downloadable","16":"virtual","17":"product-type-simple"},"_links":{"self":[{"href":"https:\/\/hexexist.com\/tr\/wp-json\/wp\/v2\/product\/14083","targetHints":{"allow":["GET"]}}],"collection":[{"href":"https:\/\/hexexist.com\/tr\/wp-json\/wp\/v2\/product"}],"about":[{"href":"https:\/\/hexexist.com\/tr\/wp-json\/wp\/v2\/types\/product"}],"replies":[{"embeddable":true,"href":"https:\/\/hexexist.com\/tr\/wp-json\/wp\/v2\/comments?post=14083"}],"wp:featuredmedia":[{"embeddable":true,"href":"https:\/\/hexexist.com\/tr\/wp-json\/wp\/v2\/media\/13087"}],"wp:attachment":[{"href":"https:\/\/hexexist.com\/tr\/wp-json\/wp\/v2\/media?parent=14083"}],"wp:term":[{"taxonomy":"product_brand","embeddable":true,"href":"https:\/\/hexexist.com\/tr\/wp-json\/wp\/v2\/product_brand?post=14083"},{"taxonomy":"product_cat","embeddable":true,"href":"https:\/\/hexexist.com\/tr\/wp-json\/wp\/v2\/product_cat?post=14083"},{"taxonomy":"product_tag","embeddable":true,"href":"https:\/\/hexexist.com\/tr\/wp-json\/wp\/v2\/product_tag?post=14083"}],"curies":[{"name":"wp","href":"https:\/\/api.w.org\/{rel}","templated":true}]}}