{"id":14084,"date":"2025-10-09T09:49:59","date_gmt":"2025-10-09T09:49:59","guid":{"rendered":"http:\/\/hexexist.com\/product\/sablon-kiti-ice-aktarma\/"},"modified":"2025-10-09T09:49:59","modified_gmt":"2025-10-09T09:49:59","slug":"sablon-kiti-ice-aktarma","status":"publish","type":"product","link":"https:\/\/hexexist.com\/tr\/urun\/sablon-kiti-ice-aktarma\/","title":{"rendered":"\u015eablon Kiti \u0130\u00e7e Aktarma"},"content":{"rendered":"<p>\u015eablon Kiti, bir WordPress Site Olu\u015fturucu i\u00e7in uyumlu bir g\u00f6rsel stili payla\u015fan \u00f6nceden tasarlanm\u0131\u015f ba\u015flang\u0131\u00e7 \u015fablonlar\u0131ndan olu\u015fan bir koleksiyondur.<\/p>\n","protected":false},"excerpt":{"rendered":"<p>\u015eablon Kiti, bir WordPress Site Olu\u015fturucu i\u00e7in uyumlu bir g\u00f6rsel stili payla\u015fan \u00f6nceden tasarlanm\u0131\u015f ba\u015flang\u0131\u00e7 \u015fablonlar\u0131ndan olu\u015fan bir koleksiyondur.<\/p>\n","protected":false},"featured_media":13081,"comment_status":"open","ping_status":"closed","template":"","meta":[],"product_brand":[],"product_cat":[1413],"product_tag":[1532,2212,2283],"class_list":{"0":"post-14084","1":"product","2":"type-product","3":"status-publish","4":"has-post-thumbnail","6":"product_cat-eklentiler","7":"product_tag-elementor-tr","8":"product_tag-sablon","9":"product_tag-sablonlar","11":"first","12":"instock","13":"downloadable","14":"virtual","15":"product-type-simple"},"_links":{"self":[{"href":"https:\/\/hexexist.com\/tr\/wp-json\/wp\/v2\/product\/14084","targetHints":{"allow":["GET"]}}],"collection":[{"href":"https:\/\/hexexist.com\/tr\/wp-json\/wp\/v2\/product"}],"about":[{"href":"https:\/\/hexexist.com\/tr\/wp-json\/wp\/v2\/types\/product"}],"replies":[{"embeddable":true,"href":"https:\/\/hexexist.com\/tr\/wp-json\/wp\/v2\/comments?post=14084"}],"wp:featuredmedia":[{"embeddable":true,"href":"https:\/\/hexexist.com\/tr\/wp-json\/wp\/v2\/media\/13081"}],"wp:attachment":[{"href":"https:\/\/hexexist.com\/tr\/wp-json\/wp\/v2\/media?parent=14084"}],"wp:term":[{"taxonomy":"product_brand","embeddable":true,"href":"https:\/\/hexexist.com\/tr\/wp-json\/wp\/v2\/product_brand?post=14084"},{"taxonomy":"product_cat","embeddable":true,"href":"https:\/\/hexexist.com\/tr\/wp-json\/wp\/v2\/product_cat?post=14084"},{"taxonomy":"product_tag","embeddable":true,"href":"https:\/\/hexexist.com\/tr\/wp-json\/wp\/v2\/product_tag?post=14084"}],"curies":[{"name":"wp","href":"https:\/\/api.w.org\/{rel}","templated":true}]}}