{"id":14085,"date":"2025-10-09T09:50:00","date_gmt":"2025-10-09T09:50:00","guid":{"rendered":"http:\/\/hexexist.com\/product\/gutenberg-bloklari-ve-desenleri-icin-gutenberg-essential-blocks-sayfa-olusturucu\/"},"modified":"2025-10-09T09:50:00","modified_gmt":"2025-10-09T09:50:00","slug":"gutenberg-bloklari-ve-desenleri-icin-gutenberg-essential-blocks-sayfa-olusturucu","status":"publish","type":"product","link":"https:\/\/hexexist.com\/tr\/urun\/gutenberg-bloklari-ve-desenleri-icin-gutenberg-essential-blocks-sayfa-olusturucu\/","title":{"rendered":"Gutenberg Bloklar\u0131 ve Desenleri i\u00e7in Gutenberg Essential Blocks Sayfa Olu\u015fturucu"},"content":{"rendered":"<p>WordPress varsay\u0131lan edit\u00f6r\u00fc i\u00e7in nihai Gutenberg bloklar\u0131 k\u00fct\u00fcphanesi olan Essential Blocks for Gutenberg ile yarat\u0131c\u0131 vizyonlar\u0131n\u0131z\u0131 hayata ge\u00e7irin! Gutenberg deneyiminizi 70&#8217;ten fazla benzersiz blok (yak\u0131nda daha fazlas\u0131 gelecek) ve g\u00f6r\u00fcnt\u00fc olu\u015fturma ve i\u00e7erik yazma i\u00e7in yepyeni AI \u00f6zelli\u011fi ile geli\u015ftirin. Bir sonraki WordPress sayfan\u0131z\u0131 veya g\u00f6nderi tasar\u0131m\u0131n\u0131z\u0131 her zamankinden daha kolay ve g\u00fczel hale getirmek i\u00e7in tasarlanm\u0131\u015f kullan\u0131m\u0131 kolay bloklar\u0131m\u0131z\u0131 kullanarak blok d\u00fczenleyiciye g\u00fc\u00e7 kat\u0131n. Ayr\u0131ca AI, sadece birka\u00e7 anahtar kelimeyle an\u0131nda zengin, y\u00fcksek kaliteli i\u00e7erik olu\u015fturman\u0131za yard\u0131mc\u0131 olur.<\/p>\n","protected":false},"excerpt":{"rendered":"<p>WordPress varsay\u0131lan edit\u00f6r\u00fc i\u00e7in nihai Gutenberg bloklar\u0131 k\u00fct\u00fcphanesi olan Essential Blocks for Gutenberg ile yarat\u0131c\u0131 vizyonlar\u0131n\u0131z\u0131 hayata ge\u00e7irin! Gutenberg deneyiminizi 70&#8217;ten fazla benzersiz blok (yak\u0131nda daha fazlas\u0131 gelecek) ve g\u00f6r\u00fcnt\u00fc olu\u015fturma ve i\u00e7erik yazma i\u00e7in yepyeni AI \u00f6zelli\u011fi ile geli\u015ftirin. Bir sonraki WordPress sayfan\u0131z\u0131 veya g\u00f6nderi tasar\u0131m\u0131n\u0131z\u0131 her zamankinden daha kolay ve g\u00fczel hale getirmek [&hellip;]<\/p>\n","protected":false},"featured_media":13090,"comment_status":"open","ping_status":"closed","template":"","meta":[],"product_brand":[],"product_cat":[1413],"product_tag":[1769,1526,2413],"class_list":{"0":"post-14085","1":"product","2":"type-product","3":"status-publish","4":"has-post-thumbnail","6":"product_cat-eklentiler","7":"product_tag-blok-duzenleyici","8":"product_tag-gutenberg-tr","9":"product_tag-gutenberg-sablonlari","11":"first","12":"instock","13":"downloadable","14":"virtual","15":"product-type-simple"},"_links":{"self":[{"href":"https:\/\/hexexist.com\/tr\/wp-json\/wp\/v2\/product\/14085","targetHints":{"allow":["GET"]}}],"collection":[{"href":"https:\/\/hexexist.com\/tr\/wp-json\/wp\/v2\/product"}],"about":[{"href":"https:\/\/hexexist.com\/tr\/wp-json\/wp\/v2\/types\/product"}],"replies":[{"embeddable":true,"href":"https:\/\/hexexist.com\/tr\/wp-json\/wp\/v2\/comments?post=14085"}],"wp:featuredmedia":[{"embeddable":true,"href":"https:\/\/hexexist.com\/tr\/wp-json\/wp\/v2\/media\/13090"}],"wp:attachment":[{"href":"https:\/\/hexexist.com\/tr\/wp-json\/wp\/v2\/media?parent=14085"}],"wp:term":[{"taxonomy":"product_brand","embeddable":true,"href":"https:\/\/hexexist.com\/tr\/wp-json\/wp\/v2\/product_brand?post=14085"},{"taxonomy":"product_cat","embeddable":true,"href":"https:\/\/hexexist.com\/tr\/wp-json\/wp\/v2\/product_cat?post=14085"},{"taxonomy":"product_tag","embeddable":true,"href":"https:\/\/hexexist.com\/tr\/wp-json\/wp\/v2\/product_tag?post=14085"}],"curies":[{"name":"wp","href":"https:\/\/api.w.org\/{rel}","templated":true}]}}