{"id":14086,"date":"2025-10-09T09:50:00","date_gmt":"2025-10-09T09:50:00","guid":{"rendered":"http:\/\/hexexist.com\/product\/iubenda-gdpr-ccpa-cerez-onayi-icin-hepsi-bir-arada-uyumluluk-daha-fazlasi\/"},"modified":"2025-10-09T09:50:00","modified_gmt":"2025-10-09T09:50:00","slug":"iubenda-gdpr-ccpa-cerez-onayi-icin-hepsi-bir-arada-uyumluluk-daha-fazlasi","status":"publish","type":"product","link":"https:\/\/hexexist.com\/tr\/urun\/iubenda-gdpr-ccpa-cerez-onayi-icin-hepsi-bir-arada-uyumluluk-daha-fazlasi\/","title":{"rendered":"iubenda | GDPR \/ CCPA \u00c7erez Onay\u0131 i\u00e7in Hepsi Bir Arada Uyumluluk + daha fazlas\u0131"},"content":{"rendered":"<p>iubenda eklentisi, sitenizi h\u0131zl\u0131 bir \u015fekilde tarayan ve \u00f6zel kurulumunuza uyacak \u015fekilde otomatik olarak yap\u0131land\u0131ran, ger\u00e7ek avukatlar taraf\u0131ndan haz\u0131rlanm\u0131\u015f metinlere sahip, hepsi bir arada, kullan\u0131m\u0131 son derece kolay 360 \u00b0 uyumluluk \u00e7\u00f6z\u00fcm\u00fcd\u00fcr. GDPR (DSGVO, RGPD), UK-GDPR, ePrivacy, LGPD, CPRA \/ CCPA, CalOPPA, PECR ve daha fazlas\u0131n\u0131 destekler ve Google Consent Mode ve IAB&#8217;nin TCF&#8217;sinin en son s\u00fcr\u00fcmleriyle sorunsuz bir \u015fekilde entegre olur. \u015eunlar\u0131 yapman\u0131z\u0131 sa\u011flar:  <\/p>\n","protected":false},"excerpt":{"rendered":"<p>iubenda eklentisi, sitenizi h\u0131zl\u0131 bir \u015fekilde tarayan ve \u00f6zel kurulumunuza uyacak \u015fekilde otomatik olarak yap\u0131land\u0131ran, ger\u00e7ek avukatlar taraf\u0131ndan haz\u0131rlanm\u0131\u015f metinlere sahip, hepsi bir arada, kullan\u0131m\u0131 son derece kolay 360 \u00b0 uyumluluk \u00e7\u00f6z\u00fcm\u00fcd\u00fcr. GDPR (DSGVO, RGPD), UK-GDPR, ePrivacy, LGPD, CPRA \/ CCPA, CalOPPA, PECR ve daha fazlas\u0131n\u0131 destekler ve Google Consent Mode ve IAB&#8217;nin TCF&#8217;sinin en [&hellip;]<\/p>\n","protected":false},"featured_media":13094,"comment_status":"open","ping_status":"closed","template":"","meta":[],"product_brand":[],"product_cat":[1413],"product_tag":[1466,1462,1467,2049,2303],"class_list":{"0":"post-14086","1":"product","2":"type-product","3":"status-publish","4":"has-post-thumbnail","6":"product_cat-eklentiler","7":"product_tag-ccpa-tr","8":"product_tag-gdpr-tr","9":"product_tag-gizlilik-politikasi","10":"product_tag-kurabiye-afisi","11":"product_tag-sartlar-ve-kosullar","13":"first","14":"instock","15":"downloadable","16":"virtual","17":"product-type-simple"},"_links":{"self":[{"href":"https:\/\/hexexist.com\/tr\/wp-json\/wp\/v2\/product\/14086","targetHints":{"allow":["GET"]}}],"collection":[{"href":"https:\/\/hexexist.com\/tr\/wp-json\/wp\/v2\/product"}],"about":[{"href":"https:\/\/hexexist.com\/tr\/wp-json\/wp\/v2\/types\/product"}],"replies":[{"embeddable":true,"href":"https:\/\/hexexist.com\/tr\/wp-json\/wp\/v2\/comments?post=14086"}],"wp:featuredmedia":[{"embeddable":true,"href":"https:\/\/hexexist.com\/tr\/wp-json\/wp\/v2\/media\/13094"}],"wp:attachment":[{"href":"https:\/\/hexexist.com\/tr\/wp-json\/wp\/v2\/media?parent=14086"}],"wp:term":[{"taxonomy":"product_brand","embeddable":true,"href":"https:\/\/hexexist.com\/tr\/wp-json\/wp\/v2\/product_brand?post=14086"},{"taxonomy":"product_cat","embeddable":true,"href":"https:\/\/hexexist.com\/tr\/wp-json\/wp\/v2\/product_cat?post=14086"},{"taxonomy":"product_tag","embeddable":true,"href":"https:\/\/hexexist.com\/tr\/wp-json\/wp\/v2\/product_tag?post=14086"}],"curies":[{"name":"wp","href":"https:\/\/api.w.org\/{rel}","templated":true}]}}