{"id":14087,"date":"2025-10-09T09:50:00","date_gmt":"2025-10-09T09:50:00","guid":{"rendered":"http:\/\/hexexist.com\/product\/ozel-yazi-tipi-kalici-baglantilari\/"},"modified":"2025-10-09T09:50:00","modified_gmt":"2025-10-09T09:50:00","slug":"ozel-yazi-tipi-kalici-baglantilari","status":"publish","type":"product","link":"https:\/\/hexexist.com\/tr\/urun\/ozel-yazi-tipi-kalici-baglantilari\/","title":{"rendered":"\u00d6zel Yaz\u0131 Tipi Kal\u0131c\u0131 Ba\u011flant\u0131lar\u0131"},"content":{"rendered":"<p>\u00d6zel Yaz\u0131 Tipi Kal\u0131c\u0131 Ba\u011flant\u0131lar\u0131, \u00f6zel yaz\u0131 tipinin kal\u0131c\u0131 ba\u011flant\u0131 yap\u0131s\u0131n\u0131 d\u00fczenlemenize olanak tan\u0131r.<\/p>\n","protected":false},"excerpt":{"rendered":"<p>\u00d6zel Yaz\u0131 Tipi Kal\u0131c\u0131 Ba\u011flant\u0131lar\u0131, \u00f6zel yaz\u0131 tipinin kal\u0131c\u0131 ba\u011flant\u0131 yap\u0131s\u0131n\u0131 d\u00fczenlemenize olanak tan\u0131r.<\/p>\n","protected":false},"featured_media":13089,"comment_status":"open","ping_status":"closed","template":"","meta":[],"product_brand":[],"product_cat":[1413],"product_tag":[2297,2299,2414,1965,1597],"class_list":{"0":"post-14087","1":"product","2":"type-product","3":"status-publish","4":"has-post-thumbnail","6":"product_cat-eklentiler","7":"product_tag-adres","8":"product_tag-link-tr","9":"product_tag-ozel-gonderi-turu","10":"product_tag-permalink-tr","11":"product_tag-url-tr","13":"first","14":"instock","15":"downloadable","16":"virtual","17":"product-type-simple"},"_links":{"self":[{"href":"https:\/\/hexexist.com\/tr\/wp-json\/wp\/v2\/product\/14087","targetHints":{"allow":["GET"]}}],"collection":[{"href":"https:\/\/hexexist.com\/tr\/wp-json\/wp\/v2\/product"}],"about":[{"href":"https:\/\/hexexist.com\/tr\/wp-json\/wp\/v2\/types\/product"}],"replies":[{"embeddable":true,"href":"https:\/\/hexexist.com\/tr\/wp-json\/wp\/v2\/comments?post=14087"}],"wp:featuredmedia":[{"embeddable":true,"href":"https:\/\/hexexist.com\/tr\/wp-json\/wp\/v2\/media\/13089"}],"wp:attachment":[{"href":"https:\/\/hexexist.com\/tr\/wp-json\/wp\/v2\/media?parent=14087"}],"wp:term":[{"taxonomy":"product_brand","embeddable":true,"href":"https:\/\/hexexist.com\/tr\/wp-json\/wp\/v2\/product_brand?post=14087"},{"taxonomy":"product_cat","embeddable":true,"href":"https:\/\/hexexist.com\/tr\/wp-json\/wp\/v2\/product_cat?post=14087"},{"taxonomy":"product_tag","embeddable":true,"href":"https:\/\/hexexist.com\/tr\/wp-json\/wp\/v2\/product_tag?post=14087"}],"curies":[{"name":"wp","href":"https:\/\/api.w.org\/{rel}","templated":true}]}}