{"id":14088,"date":"2025-10-09T09:50:00","date_gmt":"2025-10-09T09:50:00","guid":{"rendered":"http:\/\/hexexist.com\/product\/aninda-goruntuler-unsplash-openverse-pixabay-pexels-ve-giphyden-tek-tikla-goruntu-yukleme\/"},"modified":"2025-10-09T09:50:00","modified_gmt":"2025-10-09T09:50:00","slug":"aninda-goruntuler-unsplash-openverse-pixabay-pexels-ve-giphyden-tek-tikla-goruntu-yukleme","status":"publish","type":"product","link":"https:\/\/hexexist.com\/tr\/urun\/aninda-goruntuler-unsplash-openverse-pixabay-pexels-ve-giphyden-tek-tikla-goruntu-yukleme\/","title":{"rendered":"An\u0131nda G\u00f6r\u00fcnt\u00fcler Unsplash, Openverse, Pixabay, Pexels ve Giphy&#8217;den Tek T\u0131kla G\u00f6r\u00fcnt\u00fc Y\u00fckleme"},"content":{"rendered":"<p>WordPress&#8217;ten hi\u00e7 \u00e7\u0131kmadan Unsplash, Openverse, Pixabay, Pexels ve Giphy&#8217;den web sitenize an\u0131nda foto\u011fraf y\u00fckleyin!<\/p>\n","protected":false},"excerpt":{"rendered":"<p>WordPress&#8217;ten hi\u00e7 \u00e7\u0131kmadan Unsplash, Openverse, Pixabay, Pexels ve Giphy&#8217;den web sitenize an\u0131nda foto\u011fraf y\u00fckleyin!<\/p>\n","protected":false},"featured_media":13093,"comment_status":"open","ping_status":"closed","template":"","meta":[],"product_brand":[],"product_cat":[1413],"product_tag":[2415,2416,2417,2418,2419],"class_list":{"0":"post-14088","1":"product","2":"type-product","3":"status-publish","4":"has-post-thumbnail","6":"product_cat-eklentiler","7":"product_tag-giphy-tr","8":"product_tag-openverse-tr","9":"product_tag-pexels-tr","10":"product_tag-pixabay-tr","11":"product_tag-unsplash-tr","13":"first","14":"instock","15":"downloadable","16":"virtual","17":"product-type-simple"},"_links":{"self":[{"href":"https:\/\/hexexist.com\/tr\/wp-json\/wp\/v2\/product\/14088","targetHints":{"allow":["GET"]}}],"collection":[{"href":"https:\/\/hexexist.com\/tr\/wp-json\/wp\/v2\/product"}],"about":[{"href":"https:\/\/hexexist.com\/tr\/wp-json\/wp\/v2\/types\/product"}],"replies":[{"embeddable":true,"href":"https:\/\/hexexist.com\/tr\/wp-json\/wp\/v2\/comments?post=14088"}],"wp:featuredmedia":[{"embeddable":true,"href":"https:\/\/hexexist.com\/tr\/wp-json\/wp\/v2\/media\/13093"}],"wp:attachment":[{"href":"https:\/\/hexexist.com\/tr\/wp-json\/wp\/v2\/media?parent=14088"}],"wp:term":[{"taxonomy":"product_brand","embeddable":true,"href":"https:\/\/hexexist.com\/tr\/wp-json\/wp\/v2\/product_brand?post=14088"},{"taxonomy":"product_cat","embeddable":true,"href":"https:\/\/hexexist.com\/tr\/wp-json\/wp\/v2\/product_cat?post=14088"},{"taxonomy":"product_tag","embeddable":true,"href":"https:\/\/hexexist.com\/tr\/wp-json\/wp\/v2\/product_tag?post=14088"}],"curies":[{"name":"wp","href":"https:\/\/api.w.org\/{rel}","templated":true}]}}