{"id":14089,"date":"2025-10-09T09:50:00","date_gmt":"2025-10-09T09:50:00","guid":{"rendered":"http:\/\/hexexist.com\/product\/smash-balloon-sosyal-gonderi-beslemesi-wordpress-icin-basit-sosyal-beslemeler\/"},"modified":"2025-10-09T09:50:00","modified_gmt":"2025-10-09T09:50:00","slug":"smash-balloon-sosyal-gonderi-beslemesi-wordpress-icin-basit-sosyal-beslemeler","status":"publish","type":"product","link":"https:\/\/hexexist.com\/tr\/urun\/smash-balloon-sosyal-gonderi-beslemesi-wordpress-icin-basit-sosyal-beslemeler\/","title":{"rendered":"Smash Balloon Sosyal G\u00f6nderi Beslemesi WordPress i\u00e7in Basit Sosyal Beslemeler"},"content":{"rendered":"<p>WordPress sitenizdeki Facebook g\u00f6nderilerini \u00e7ekici bir ak\u0131\u015fta g\u00f6r\u00fcnt\u00fcleyin. Tamamen \u00f6zelle\u015ftirilebilir, duyarl\u0131, arama motoru taraf\u0131ndan taranabilir ve GDPR uyumlu beslemeler. Sitenizdeki t\u00fcm Facebook oEmbeds&#8217;leri otomatik olarak g\u00fc\u00e7lendirir.  <\/p>\n","protected":false},"excerpt":{"rendered":"<p>WordPress sitenizdeki Facebook g\u00f6nderilerini \u00e7ekici bir ak\u0131\u015fta g\u00f6r\u00fcnt\u00fcleyin. Tamamen \u00f6zelle\u015ftirilebilir, duyarl\u0131, arama motoru taraf\u0131ndan taranabilir ve GDPR uyumlu beslemeler. Sitenizdeki t\u00fcm Facebook oEmbeds&#8217;leri otomatik olarak g\u00fc\u00e7lendirir.<\/p>\n","protected":false},"featured_media":13088,"comment_status":"open","ping_status":"closed","template":"","meta":[],"product_brand":[],"product_cat":[1413],"product_tag":[1986,2420,2422,2421],"class_list":{"0":"post-14089","1":"product","2":"type-product","3":"status-publish","4":"has-post-thumbnail","6":"product_cat-eklentiler","7":"product_tag-facebook-tr","8":"product_tag-facebook-akisi","9":"product_tag-facebook-gonderileri","10":"product_tag-facebook-sayfasi","12":"first","13":"instock","14":"downloadable","15":"virtual","16":"product-type-simple"},"_links":{"self":[{"href":"https:\/\/hexexist.com\/tr\/wp-json\/wp\/v2\/product\/14089","targetHints":{"allow":["GET"]}}],"collection":[{"href":"https:\/\/hexexist.com\/tr\/wp-json\/wp\/v2\/product"}],"about":[{"href":"https:\/\/hexexist.com\/tr\/wp-json\/wp\/v2\/types\/product"}],"replies":[{"embeddable":true,"href":"https:\/\/hexexist.com\/tr\/wp-json\/wp\/v2\/comments?post=14089"}],"wp:featuredmedia":[{"embeddable":true,"href":"https:\/\/hexexist.com\/tr\/wp-json\/wp\/v2\/media\/13088"}],"wp:attachment":[{"href":"https:\/\/hexexist.com\/tr\/wp-json\/wp\/v2\/media?parent=14089"}],"wp:term":[{"taxonomy":"product_brand","embeddable":true,"href":"https:\/\/hexexist.com\/tr\/wp-json\/wp\/v2\/product_brand?post=14089"},{"taxonomy":"product_cat","embeddable":true,"href":"https:\/\/hexexist.com\/tr\/wp-json\/wp\/v2\/product_cat?post=14089"},{"taxonomy":"product_tag","embeddable":true,"href":"https:\/\/hexexist.com\/tr\/wp-json\/wp\/v2\/product_tag?post=14089"}],"curies":[{"name":"wp","href":"https:\/\/api.w.org\/{rel}","templated":true}]}}