{"id":14090,"date":"2025-10-09T09:50:00","date_gmt":"2025-10-09T09:50:00","guid":{"rendered":"http:\/\/hexexist.com\/product\/hostinger-reach-wordpress-icin-yapay-zeka-destekli-e-posta-pazarlama\/"},"modified":"2025-10-09T09:50:00","modified_gmt":"2025-10-09T09:50:00","slug":"hostinger-reach-wordpress-icin-yapay-zeka-destekli-e-posta-pazarlama","status":"publish","type":"product","link":"https:\/\/hexexist.com\/tr\/urun\/hostinger-reach-wordpress-icin-yapay-zeka-destekli-e-posta-pazarlama\/","title":{"rendered":"Hostinger Reach WordPress i\u00e7in Yapay Zeka Destekli E-posta Pazarlama"},"content":{"rendered":"<p>Hostinger Reach, i\u00e7erik olu\u015fturucular, k\u00fc\u00e7\u00fck i\u015fletmeler ve web sitesi sahipleri i\u00e7in tasarlanm\u0131\u015f hepsi bir arada e-posta pazarlama eklentinizdir. AI taraf\u0131ndan desteklenen ve sitenizle sorunsuz bir \u015fekilde entegre edilen g\u00f6z al\u0131c\u0131, markal\u0131 e-postalar arac\u0131l\u0131\u011f\u0131yla kitlenizi b\u00fcy\u00fctmenize ve ba\u011flant\u0131da kalman\u0131za yard\u0131mc\u0131 olur. <\/p>\n","protected":false},"excerpt":{"rendered":"<p>Hostinger Reach, i\u00e7erik olu\u015fturucular, k\u00fc\u00e7\u00fck i\u015fletmeler ve web sitesi sahipleri i\u00e7in tasarlanm\u0131\u015f hepsi bir arada e-posta pazarlama eklentinizdir. AI taraf\u0131ndan desteklenen ve sitenizle sorunsuz bir \u015fekilde entegre edilen g\u00f6z al\u0131c\u0131, markal\u0131 e-postalar arac\u0131l\u0131\u011f\u0131yla kitlenizi b\u00fcy\u00fctmenize ve ba\u011flant\u0131da kalman\u0131za yard\u0131mc\u0131 olur.<\/p>\n","protected":false},"featured_media":13092,"comment_status":"open","ping_status":"closed","template":"","meta":[],"product_brand":[],"product_cat":[1413],"product_tag":[2423,1432,1674,1954,1645],"class_list":{"0":"post-14090","1":"product","2":"type-product","3":"status-publish","4":"has-post-thumbnail","6":"product_cat-eklentiler","7":"product_tag-abonelik","8":"product_tag-bulten","9":"product_tag-e-posta-pazarlama","10":"product_tag-kursun-uretimi","11":"product_tag-pazarlama","13":"first","14":"instock","15":"downloadable","16":"virtual","17":"product-type-simple"},"_links":{"self":[{"href":"https:\/\/hexexist.com\/tr\/wp-json\/wp\/v2\/product\/14090","targetHints":{"allow":["GET"]}}],"collection":[{"href":"https:\/\/hexexist.com\/tr\/wp-json\/wp\/v2\/product"}],"about":[{"href":"https:\/\/hexexist.com\/tr\/wp-json\/wp\/v2\/types\/product"}],"replies":[{"embeddable":true,"href":"https:\/\/hexexist.com\/tr\/wp-json\/wp\/v2\/comments?post=14090"}],"wp:featuredmedia":[{"embeddable":true,"href":"https:\/\/hexexist.com\/tr\/wp-json\/wp\/v2\/media\/13092"}],"wp:attachment":[{"href":"https:\/\/hexexist.com\/tr\/wp-json\/wp\/v2\/media?parent=14090"}],"wp:term":[{"taxonomy":"product_brand","embeddable":true,"href":"https:\/\/hexexist.com\/tr\/wp-json\/wp\/v2\/product_brand?post=14090"},{"taxonomy":"product_cat","embeddable":true,"href":"https:\/\/hexexist.com\/tr\/wp-json\/wp\/v2\/product_cat?post=14090"},{"taxonomy":"product_tag","embeddable":true,"href":"https:\/\/hexexist.com\/tr\/wp-json\/wp\/v2\/product_tag?post=14090"}],"curies":[{"name":"wp","href":"https:\/\/api.w.org\/{rel}","templated":true}]}}