{"id":14091,"date":"2025-10-09T09:50:01","date_gmt":"2025-10-09T09:50:01","guid":{"rendered":"http:\/\/hexexist.com\/product\/performans-laboratuvari\/"},"modified":"2025-10-09T09:50:01","modified_gmt":"2025-10-09T09:50:01","slug":"performans-laboratuvari","status":"publish","type":"product","link":"https:\/\/hexexist.com\/tr\/urun\/performans-laboratuvari\/","title":{"rendered":"Performans Laboratuvar\u0131"},"content":{"rendered":"<p>Performance Lab eklentisi, sitenizin performans\u0131n\u0131 art\u0131rmaya odaklanan ve \u00e7o\u011fu eninde sonunda WordPress \u00e7ekirde\u011fi ile birle\u015ftirilecek olan bir \u00f6zellikler koleksiyonudur. Eklenti, performans ekibinin geli\u015ftirmekte oldu\u011fu bireysel performans \u00f6zelli\u011fi eklentilerinin ke\u015ffedilmesini ve etkinle\u015ftirilmesini kolayla\u015ft\u0131r\u0131r. Bu \u015fekilde, \u00f6zellikleri WordPress \u00e7ekirde\u011finde kullan\u0131ma sunulmadan \u00f6nce avantajlar\u0131ndan yararlanmak i\u00e7in test edebilirsiniz. Ayr\u0131ca \u00e7\u00f6z\u00fcmleri daha da iyile\u015ftirmek i\u00e7in geri bildirim sa\u011flayarak \u00f6nemli bir rol oynayabilirsiniz.   <\/p>\n","protected":false},"excerpt":{"rendered":"<p>Performance Lab eklentisi, sitenizin performans\u0131n\u0131 art\u0131rmaya odaklanan ve \u00e7o\u011fu eninde sonunda WordPress \u00e7ekirde\u011fi ile birle\u015ftirilecek olan bir \u00f6zellikler koleksiyonudur. Eklenti, performans ekibinin geli\u015ftirmekte oldu\u011fu bireysel performans \u00f6zelli\u011fi eklentilerinin ke\u015ffedilmesini ve etkinle\u015ftirilmesini kolayla\u015ft\u0131r\u0131r. Bu \u015fekilde, \u00f6zellikleri WordPress \u00e7ekirde\u011finde kullan\u0131ma sunulmadan \u00f6nce avantajlar\u0131ndan yararlanmak i\u00e7in test edebilirsiniz. Ayr\u0131ca \u00e7\u00f6z\u00fcmleri daha da iyile\u015ftirmek i\u00e7in geri bildirim sa\u011flayarak \u00f6nemli [&hellip;]<\/p>\n","protected":false},"featured_media":13095,"comment_status":"open","ping_status":"closed","template":"","meta":[],"product_brand":[],"product_cat":[1413],"product_tag":[2426,2424,1469,2427,2425],"class_list":{"0":"post-14091","1":"product","2":"type-product","3":"status-publish","4":"has-post-thumbnail","6":"product_cat-eklentiler","7":"product_tag-olcum","8":"product_tag-optimizasyon","9":"product_tag-performans","10":"product_tag-site-sagligi","11":"product_tag-teshis","13":"first","14":"instock","15":"downloadable","16":"virtual","17":"product-type-simple"},"_links":{"self":[{"href":"https:\/\/hexexist.com\/tr\/wp-json\/wp\/v2\/product\/14091","targetHints":{"allow":["GET"]}}],"collection":[{"href":"https:\/\/hexexist.com\/tr\/wp-json\/wp\/v2\/product"}],"about":[{"href":"https:\/\/hexexist.com\/tr\/wp-json\/wp\/v2\/types\/product"}],"replies":[{"embeddable":true,"href":"https:\/\/hexexist.com\/tr\/wp-json\/wp\/v2\/comments?post=14091"}],"wp:featuredmedia":[{"embeddable":true,"href":"https:\/\/hexexist.com\/tr\/wp-json\/wp\/v2\/media\/13095"}],"wp:attachment":[{"href":"https:\/\/hexexist.com\/tr\/wp-json\/wp\/v2\/media?parent=14091"}],"wp:term":[{"taxonomy":"product_brand","embeddable":true,"href":"https:\/\/hexexist.com\/tr\/wp-json\/wp\/v2\/product_brand?post=14091"},{"taxonomy":"product_cat","embeddable":true,"href":"https:\/\/hexexist.com\/tr\/wp-json\/wp\/v2\/product_cat?post=14091"},{"taxonomy":"product_tag","embeddable":true,"href":"https:\/\/hexexist.com\/tr\/wp-json\/wp\/v2\/product_tag?post=14091"}],"curies":[{"name":"wp","href":"https:\/\/api.w.org\/{rel}","templated":true}]}}