{"id":14092,"date":"2025-10-09T09:50:00","date_gmt":"2025-10-09T09:50:00","guid":{"rendered":"http:\/\/hexexist.com\/product\/gelismis-dosya-yoneticisi-ultimate-wp-dosya-yoneticisi-ve-belge-kitapligi-cozumu\/"},"modified":"2025-10-09T09:50:00","modified_gmt":"2025-10-09T09:50:00","slug":"gelismis-dosya-yoneticisi-ultimate-wp-dosya-yoneticisi-ve-belge-kitapligi-cozumu","status":"publish","type":"product","link":"https:\/\/hexexist.com\/tr\/urun\/gelismis-dosya-yoneticisi-ultimate-wp-dosya-yoneticisi-ve-belge-kitapligi-cozumu\/","title":{"rendered":"Geli\u015fmi\u015f Dosya Y\u00f6neticisi Ultimate WP Dosya Y\u00f6neticisi ve Belge Kitapl\u0131\u011f\u0131 \u00c7\u00f6z\u00fcm\u00fc"},"content":{"rendered":"<p>Pro Sat\u0131n Al | Canl\u0131 Demo | Dok\u00fcmantasyon | Destek<\/p>\n","protected":false},"excerpt":{"rendered":"<p>Pro Sat\u0131n Al | Canl\u0131 Demo | Dok\u00fcmantasyon | Destek<\/p>\n","protected":false},"featured_media":13091,"comment_status":"open","ping_status":"closed","template":"","meta":[],"product_brand":[],"product_cat":[1413],"product_tag":[1810,1506,2428,1833],"class_list":{"0":"post-14092","1":"product","2":"type-product","3":"status-publish","4":"has-post-thumbnail","6":"product_cat-eklentiler","7":"product_tag-belge-yonetimi","8":"product_tag-dosya-yoneticisi","9":"product_tag-ftp-tr","10":"product_tag-wp-dosya-yoneticisi","12":"first","13":"instock","14":"downloadable","15":"virtual","16":"product-type-simple"},"_links":{"self":[{"href":"https:\/\/hexexist.com\/tr\/wp-json\/wp\/v2\/product\/14092","targetHints":{"allow":["GET"]}}],"collection":[{"href":"https:\/\/hexexist.com\/tr\/wp-json\/wp\/v2\/product"}],"about":[{"href":"https:\/\/hexexist.com\/tr\/wp-json\/wp\/v2\/types\/product"}],"replies":[{"embeddable":true,"href":"https:\/\/hexexist.com\/tr\/wp-json\/wp\/v2\/comments?post=14092"}],"wp:featuredmedia":[{"embeddable":true,"href":"https:\/\/hexexist.com\/tr\/wp-json\/wp\/v2\/media\/13091"}],"wp:attachment":[{"href":"https:\/\/hexexist.com\/tr\/wp-json\/wp\/v2\/media?parent=14092"}],"wp:term":[{"taxonomy":"product_brand","embeddable":true,"href":"https:\/\/hexexist.com\/tr\/wp-json\/wp\/v2\/product_brand?post=14092"},{"taxonomy":"product_cat","embeddable":true,"href":"https:\/\/hexexist.com\/tr\/wp-json\/wp\/v2\/product_cat?post=14092"},{"taxonomy":"product_tag","embeddable":true,"href":"https:\/\/hexexist.com\/tr\/wp-json\/wp\/v2\/product_tag?post=14092"}],"curies":[{"name":"wp","href":"https:\/\/api.w.org\/{rel}","templated":true}]}}