{"id":14093,"date":"2025-10-09T09:50:02","date_gmt":"2025-10-09T09:50:02","guid":{"rendered":"http:\/\/hexexist.com\/product\/arama-regexi\/"},"modified":"2025-10-09T09:50:02","modified_gmt":"2025-10-09T09:50:02","slug":"arama-regexi","status":"publish","type":"product","link":"https:\/\/hexexist.com\/tr\/urun\/arama-regexi\/","title":{"rendered":"Arama Regex&#8217;i"},"content":{"rendered":"<p>Search Regex, WordPress yaz\u0131lar\u0131na, sayfalar\u0131na, \u00f6zel yaz\u0131 t\u00fcrlerine ve di\u011fer veri kaynaklar\u0131na g\u00fc\u00e7l\u00fc bir dizi arama ve de\u011fi\u015ftirme i\u015flevi ekler. Bunlar standart arama \u00f6zelliklerinin \u00f6tesine ge\u00e7er ve sitenizde depolanan neredeyse t\u00fcm verileri araman\u0131za ve de\u011fi\u015ftirmenize olanak tan\u0131r. Basit aramalara ek olarak PHP&#8217;nin d\u00fczenli ifadelerinin t\u00fcm g\u00fcc\u00fc elinizin alt\u0131ndad\u0131r.  <\/p>\n","protected":false},"excerpt":{"rendered":"<p>Search Regex, WordPress yaz\u0131lar\u0131na, sayfalar\u0131na, \u00f6zel yaz\u0131 t\u00fcrlerine ve di\u011fer veri kaynaklar\u0131na g\u00fc\u00e7l\u00fc bir dizi arama ve de\u011fi\u015ftirme i\u015flevi ekler. Bunlar standart arama \u00f6zelliklerinin \u00f6tesine ge\u00e7er ve sitenizde depolanan neredeyse t\u00fcm verileri araman\u0131za ve de\u011fi\u015ftirmenize olanak tan\u0131r. Basit aramalara ek olarak PHP&#8217;nin d\u00fczenli ifadelerinin t\u00fcm g\u00fcc\u00fc elinizin alt\u0131ndad\u0131r.<\/p>\n","protected":false},"featured_media":13098,"comment_status":"open","ping_status":"closed","template":"","meta":[],"product_brand":[],"product_cat":[1413],"product_tag":[1544,1542,2430,2429,1652],"class_list":{"0":"post-14093","1":"product","2":"type-product","3":"status-publish","4":"has-post-thumbnail","6":"product_cat-eklentiler","7":"product_tag-arama","8":"product_tag-degistirin","9":"product_tag-duzenli-ifade","10":"product_tag-regex-tr","11":"product_tag-veritabani","13":"first","14":"instock","15":"downloadable","16":"virtual","17":"product-type-simple"},"_links":{"self":[{"href":"https:\/\/hexexist.com\/tr\/wp-json\/wp\/v2\/product\/14093","targetHints":{"allow":["GET"]}}],"collection":[{"href":"https:\/\/hexexist.com\/tr\/wp-json\/wp\/v2\/product"}],"about":[{"href":"https:\/\/hexexist.com\/tr\/wp-json\/wp\/v2\/types\/product"}],"replies":[{"embeddable":true,"href":"https:\/\/hexexist.com\/tr\/wp-json\/wp\/v2\/comments?post=14093"}],"wp:featuredmedia":[{"embeddable":true,"href":"https:\/\/hexexist.com\/tr\/wp-json\/wp\/v2\/media\/13098"}],"wp:attachment":[{"href":"https:\/\/hexexist.com\/tr\/wp-json\/wp\/v2\/media?parent=14093"}],"wp:term":[{"taxonomy":"product_brand","embeddable":true,"href":"https:\/\/hexexist.com\/tr\/wp-json\/wp\/v2\/product_brand?post=14093"},{"taxonomy":"product_cat","embeddable":true,"href":"https:\/\/hexexist.com\/tr\/wp-json\/wp\/v2\/product_cat?post=14093"},{"taxonomy":"product_tag","embeddable":true,"href":"https:\/\/hexexist.com\/tr\/wp-json\/wp\/v2\/product_tag?post=14093"}],"curies":[{"name":"wp","href":"https:\/\/api.w.org\/{rel}","templated":true}]}}