{"id":14094,"date":"2025-10-09T09:50:02","date_gmt":"2025-10-09T09:50:02","guid":{"rendered":"http:\/\/hexexist.com\/product\/gonderi-goruntuleme-sayaci\/"},"modified":"2025-10-09T09:50:02","modified_gmt":"2025-10-09T09:50:02","slug":"gonderi-goruntuleme-sayaci","status":"publish","type":"product","link":"https:\/\/hexexist.com\/tr\/urun\/gonderi-goruntuleme-sayaci\/","title":{"rendered":"G\u00f6nderi G\u00f6r\u00fcnt\u00fcleme Sayac\u0131"},"content":{"rendered":"<p>Post Views Counter, bu basit, h\u0131zl\u0131 ve kullan\u0131m\u0131 kolay eklenti ile bir g\u00f6nderinin, sayfan\u0131n veya \u00f6zel g\u00f6nderi t\u00fcr\u00fcn\u00fcn ka\u00e7 kez g\u00f6r\u00fcnt\u00fclendi\u011fini g\u00f6r\u00fcnt\u00fclemenizi sa\u011flar.<\/p>\n","protected":false},"excerpt":{"rendered":"<p>Post Views Counter, bu basit, h\u0131zl\u0131 ve kullan\u0131m\u0131 kolay eklenti ile bir g\u00f6nderinin, sayfan\u0131n veya \u00f6zel g\u00f6nderi t\u00fcr\u00fcn\u00fcn ka\u00e7 kez g\u00f6r\u00fcnt\u00fclendi\u011fini g\u00f6r\u00fcnt\u00fclemenizi sa\u011flar.<\/p>\n","protected":false},"featured_media":13097,"comment_status":"open","ping_status":"closed","template":"","meta":[],"product_brand":[],"product_cat":[1413],"product_tag":[1550,1551,1794,1681,2159],"class_list":{"0":"post-14094","1":"product","2":"type-product","3":"status-publish","4":"has-post-thumbnail","6":"product_cat-eklentiler","7":"product_tag-analitik","8":"product_tag-istatistikler","9":"product_tag-postviews-tr","10":"product_tag-sayac","11":"product_tag-sayfa-goruntuleme","13":"first","14":"instock","15":"downloadable","16":"virtual","17":"product-type-simple"},"_links":{"self":[{"href":"https:\/\/hexexist.com\/tr\/wp-json\/wp\/v2\/product\/14094","targetHints":{"allow":["GET"]}}],"collection":[{"href":"https:\/\/hexexist.com\/tr\/wp-json\/wp\/v2\/product"}],"about":[{"href":"https:\/\/hexexist.com\/tr\/wp-json\/wp\/v2\/types\/product"}],"replies":[{"embeddable":true,"href":"https:\/\/hexexist.com\/tr\/wp-json\/wp\/v2\/comments?post=14094"}],"wp:featuredmedia":[{"embeddable":true,"href":"https:\/\/hexexist.com\/tr\/wp-json\/wp\/v2\/media\/13097"}],"wp:attachment":[{"href":"https:\/\/hexexist.com\/tr\/wp-json\/wp\/v2\/media?parent=14094"}],"wp:term":[{"taxonomy":"product_brand","embeddable":true,"href":"https:\/\/hexexist.com\/tr\/wp-json\/wp\/v2\/product_brand?post=14094"},{"taxonomy":"product_cat","embeddable":true,"href":"https:\/\/hexexist.com\/tr\/wp-json\/wp\/v2\/product_cat?post=14094"},{"taxonomy":"product_tag","embeddable":true,"href":"https:\/\/hexexist.com\/tr\/wp-json\/wp\/v2\/product_tag?post=14094"}],"curies":[{"name":"wp","href":"https:\/\/api.w.org\/{rel}","templated":true}]}}