{"id":14095,"date":"2025-10-09T09:50:03","date_gmt":"2025-10-09T09:50:03","guid":{"rendered":"http:\/\/hexexist.com\/product\/elementor-icin-skyboot-ozel-simgeleri\/"},"modified":"2025-10-09T09:50:03","modified_gmt":"2025-10-09T09:50:03","slug":"elementor-icin-skyboot-ozel-simgeleri","status":"publish","type":"product","link":"https:\/\/hexexist.com\/tr\/urun\/elementor-icin-skyboot-ozel-simgeleri\/","title":{"rendered":"Elementor i\u00e7in Skyboot \u00d6zel Simgeleri"},"content":{"rendered":"<p>Skyboot Custom Icons for Elementor, Elementor sayfa olu\u015fturucu i\u00e7in tasarlanm\u0131\u015f g\u00fc\u00e7l\u00fc bir \u00f6zel simgeler eklentisidir. Sitenize \u00f6zel simgeler eklemek istiyorsan\u0131z, bu Elementor&#8217;un \u00f6zel simgeler eklentisi bunu basit ve etkili hale getirir. Binlerce g\u00fczel simge ile web siteniz i\u00e7in benzersiz bir g\u00f6r\u00fcn\u00fcm ve his yaratabilirsiniz.  <\/p>\n","protected":false},"excerpt":{"rendered":"<p>Skyboot Custom Icons for Elementor, Elementor sayfa olu\u015fturucu i\u00e7in tasarlanm\u0131\u015f g\u00fc\u00e7l\u00fc bir \u00f6zel simgeler eklentisidir. Sitenize \u00f6zel simgeler eklemek istiyorsan\u0131z, bu Elementor&#8217;un \u00f6zel simgeler eklentisi bunu basit ve etkili hale getirir. Binlerce g\u00fczel simge ile web siteniz i\u00e7in benzersiz bir g\u00f6r\u00fcn\u00fcm ve his yaratabilirsiniz.<\/p>\n","protected":false},"featured_media":13099,"comment_status":"open","ping_status":"closed","template":"","meta":[],"product_brand":[],"product_cat":[1413],"product_tag":[1532,2432,2431,2433,1655],"class_list":{"0":"post-14095","1":"product","2":"type-product","3":"status-publish","4":"has-post-thumbnail","6":"product_cat-eklentiler","7":"product_tag-elementor-tr","8":"product_tag-elementor-simgeleri","9":"product_tag-ozel-simgeler","10":"product_tag-simge-yazi-tipleri","11":"product_tag-simgeler","13":"first","14":"instock","15":"downloadable","16":"virtual","17":"product-type-simple"},"_links":{"self":[{"href":"https:\/\/hexexist.com\/tr\/wp-json\/wp\/v2\/product\/14095","targetHints":{"allow":["GET"]}}],"collection":[{"href":"https:\/\/hexexist.com\/tr\/wp-json\/wp\/v2\/product"}],"about":[{"href":"https:\/\/hexexist.com\/tr\/wp-json\/wp\/v2\/types\/product"}],"replies":[{"embeddable":true,"href":"https:\/\/hexexist.com\/tr\/wp-json\/wp\/v2\/comments?post=14095"}],"wp:featuredmedia":[{"embeddable":true,"href":"https:\/\/hexexist.com\/tr\/wp-json\/wp\/v2\/media\/13099"}],"wp:attachment":[{"href":"https:\/\/hexexist.com\/tr\/wp-json\/wp\/v2\/media?parent=14095"}],"wp:term":[{"taxonomy":"product_brand","embeddable":true,"href":"https:\/\/hexexist.com\/tr\/wp-json\/wp\/v2\/product_brand?post=14095"},{"taxonomy":"product_cat","embeddable":true,"href":"https:\/\/hexexist.com\/tr\/wp-json\/wp\/v2\/product_cat?post=14095"},{"taxonomy":"product_tag","embeddable":true,"href":"https:\/\/hexexist.com\/tr\/wp-json\/wp\/v2\/product_tag?post=14095"}],"curies":[{"name":"wp","href":"https:\/\/api.w.org\/{rel}","templated":true}]}}