{"id":14096,"date":"2025-10-09T09:50:02","date_gmt":"2025-10-09T09:50:02","guid":{"rendered":"http:\/\/hexexist.com\/product\/yazi-tipi-degistirici\/"},"modified":"2025-10-09T09:50:02","modified_gmt":"2025-10-09T09:50:02","slug":"yazi-tipi-degistirici","status":"publish","type":"product","link":"https:\/\/hexexist.com\/tr\/urun\/yazi-tipi-degistirici\/","title":{"rendered":"Yaz\u0131 Tipi De\u011fi\u015ftirici"},"content":{"rendered":"<p>Bu eklenti, yaz\u0131 d\u00fczenleyici aray\u00fcz\u00fcne basit bir yaz\u0131 t\u00fcr\u00fc a\u00e7\u0131l\u0131r men\u00fcs\u00fc ekleyerek herhangi bir yaz\u0131y\u0131 yeni bir yaz\u0131 t\u00fcr\u00fcne yeniden ataman\u0131za olanak tan\u0131r. Yaz\u0131n\u0131z\u0131 d\u00fczenlerken yaz\u0131n\u0131n t\u00fcr\u00fcn\u00fc de\u011fi\u015ftirmenize olanak tan\u0131r. <\/p>\n","protected":false},"excerpt":{"rendered":"<p>Bu eklenti, yaz\u0131 d\u00fczenleyici aray\u00fcz\u00fcne basit bir yaz\u0131 t\u00fcr\u00fc a\u00e7\u0131l\u0131r men\u00fcs\u00fc ekleyerek herhangi bir yaz\u0131y\u0131 yeni bir yaz\u0131 t\u00fcr\u00fcne yeniden ataman\u0131za olanak tan\u0131r. Yaz\u0131n\u0131z\u0131 d\u00fczenlerken yaz\u0131n\u0131n t\u00fcr\u00fcn\u00fc de\u011fi\u015ftirmenize olanak tan\u0131r.<\/p>\n","protected":false},"featured_media":13096,"comment_status":"open","ping_status":"closed","template":"","meta":[],"product_brand":[],"product_cat":[1413],"product_tag":[2434,1579,1499,2436,2435],"class_list":{"0":"post-14096","1":"product","2":"type-product","3":"status-publish","4":"has-post-thumbnail","6":"product_cat-eklentiler","7":"product_tag-gonderi-turu","8":"product_tag-post-tr","9":"product_tag-sayfa","10":"product_tag-tip","11":"product_tag-turleri","13":"first","14":"instock","15":"downloadable","16":"virtual","17":"product-type-simple"},"_links":{"self":[{"href":"https:\/\/hexexist.com\/tr\/wp-json\/wp\/v2\/product\/14096","targetHints":{"allow":["GET"]}}],"collection":[{"href":"https:\/\/hexexist.com\/tr\/wp-json\/wp\/v2\/product"}],"about":[{"href":"https:\/\/hexexist.com\/tr\/wp-json\/wp\/v2\/types\/product"}],"replies":[{"embeddable":true,"href":"https:\/\/hexexist.com\/tr\/wp-json\/wp\/v2\/comments?post=14096"}],"wp:featuredmedia":[{"embeddable":true,"href":"https:\/\/hexexist.com\/tr\/wp-json\/wp\/v2\/media\/13096"}],"wp:attachment":[{"href":"https:\/\/hexexist.com\/tr\/wp-json\/wp\/v2\/media?parent=14096"}],"wp:term":[{"taxonomy":"product_brand","embeddable":true,"href":"https:\/\/hexexist.com\/tr\/wp-json\/wp\/v2\/product_brand?post=14096"},{"taxonomy":"product_cat","embeddable":true,"href":"https:\/\/hexexist.com\/tr\/wp-json\/wp\/v2\/product_cat?post=14096"},{"taxonomy":"product_tag","embeddable":true,"href":"https:\/\/hexexist.com\/tr\/wp-json\/wp\/v2\/product_tag?post=14096"}],"curies":[{"name":"wp","href":"https:\/\/api.w.org\/{rel}","templated":true}]}}