{"id":14098,"date":"2025-10-09T09:50:03","date_gmt":"2025-10-09T09:50:03","guid":{"rendered":"http:\/\/hexexist.com\/product\/orbit-fox-yinelenen-sayfa-menu-simgeleri-svg-destegi-cerez-bildirimi-ozel-yazi-tipleri-ve-daha-fazlasi\/"},"modified":"2025-10-09T09:50:03","modified_gmt":"2025-10-09T09:50:03","slug":"orbit-fox-yinelenen-sayfa-menu-simgeleri-svg-destegi-cerez-bildirimi-ozel-yazi-tipleri-ve-daha-fazlasi","status":"publish","type":"product","link":"https:\/\/hexexist.com\/tr\/urun\/orbit-fox-yinelenen-sayfa-menu-simgeleri-svg-destegi-cerez-bildirimi-ozel-yazi-tipleri-ve-daha-fazlasi\/","title":{"rendered":"Orbit Fox: Yinelenen Sayfa, Men\u00fc Simgeleri, SVG Deste\u011fi, \u00c7erez Bildirimi, \u00d6zel Yaz\u0131 Tipleri ve Daha Fazlas\u0131"},"content":{"rendered":"<p>Orbit Fox, \u00e7o\u011fu site sahibinin ihtiya\u00e7 duydu\u011fu t\u00fcm pop\u00fcler i\u015flevleri i\u00e7erir: SVG deste\u011fi, sosyal payla\u015f\u0131m, web sitesi \u015fablonlar\u0131, \u00f6zel yaz\u0131 tipleri, stok foto\u011fraflar, sayfa olu\u015fturucu widget&#8217;lar\u0131, men\u00fc simgeleri ve site \u00f6zelle\u015ftirme ara\u00e7lar\u0131.<\/p>\n","protected":false},"excerpt":{"rendered":"<p>Orbit Fox, \u00e7o\u011fu site sahibinin ihtiya\u00e7 duydu\u011fu t\u00fcm pop\u00fcler i\u015flevleri i\u00e7erir: SVG deste\u011fi, sosyal payla\u015f\u0131m, web sitesi \u015fablonlar\u0131, \u00f6zel yaz\u0131 tipleri, stok foto\u011fraflar, sayfa olu\u015fturucu widget&#8217;lar\u0131, men\u00fc simgeleri ve site \u00f6zelle\u015ftirme ara\u00e7lar\u0131.<\/p>\n","protected":false},"featured_media":13102,"comment_status":"open","ping_status":"closed","template":"","meta":[],"product_brand":[],"product_cat":[1413],"product_tag":[1644,2319,1934,2440,1436],"class_list":{"0":"post-14098","1":"product","2":"type-product","3":"status-publish","4":"has-post-thumbnail","6":"product_cat-eklentiler","7":"product_tag-cerez-bildirimi","8":"product_tag-giris-ozellestirici","9":"product_tag-paylas-butonlari","10":"product_tag-svg-destegi","11":"product_tag-yinelenen-sayfa","13":"first","14":"instock","15":"downloadable","16":"virtual","17":"product-type-simple"},"_links":{"self":[{"href":"https:\/\/hexexist.com\/tr\/wp-json\/wp\/v2\/product\/14098","targetHints":{"allow":["GET"]}}],"collection":[{"href":"https:\/\/hexexist.com\/tr\/wp-json\/wp\/v2\/product"}],"about":[{"href":"https:\/\/hexexist.com\/tr\/wp-json\/wp\/v2\/types\/product"}],"replies":[{"embeddable":true,"href":"https:\/\/hexexist.com\/tr\/wp-json\/wp\/v2\/comments?post=14098"}],"wp:featuredmedia":[{"embeddable":true,"href":"https:\/\/hexexist.com\/tr\/wp-json\/wp\/v2\/media\/13102"}],"wp:attachment":[{"href":"https:\/\/hexexist.com\/tr\/wp-json\/wp\/v2\/media?parent=14098"}],"wp:term":[{"taxonomy":"product_brand","embeddable":true,"href":"https:\/\/hexexist.com\/tr\/wp-json\/wp\/v2\/product_brand?post=14098"},{"taxonomy":"product_cat","embeddable":true,"href":"https:\/\/hexexist.com\/tr\/wp-json\/wp\/v2\/product_cat?post=14098"},{"taxonomy":"product_tag","embeddable":true,"href":"https:\/\/hexexist.com\/tr\/wp-json\/wp\/v2\/product_tag?post=14098"}],"curies":[{"name":"wp","href":"https:\/\/api.w.org\/{rel}","templated":true}]}}