{"id":14099,"date":"2025-10-09T09:50:04","date_gmt":"2025-10-09T09:50:04","guid":{"rendered":"http:\/\/hexexist.com\/product\/ozellestirici-ihracat-ithalat\/"},"modified":"2025-10-09T09:50:04","modified_gmt":"2025-10-09T09:50:04","slug":"ozellestirici-ihracat-ithalat","status":"publish","type":"product","link":"https:\/\/hexexist.com\/tr\/urun\/ozellestirici-ihracat-ithalat\/","title":{"rendered":"\u00d6zelle\u015ftirici \u0130hracat\/\u0130thalat"},"content":{"rendered":"<p>Customizer Export\/Import eklentisi, WordPress \u00f6zelle\u015ftirici ayarlar\u0131n\u0131z\u0131 do\u011frudan \u00f6zelle\u015ftirici aray\u00fcz\u00fcnden d\u0131\u015fa veya i\u00e7e aktarman\u0131za olanak tan\u0131r! Teman\u0131z ayarlar\u0131 i\u00e7in WordPress \u00f6zelle\u015ftiricisini kullan\u0131yorsa, bu eklenti tam size g\u00f6re! <\/p>\n","protected":false},"excerpt":{"rendered":"<p>Customizer Export\/Import eklentisi, WordPress \u00f6zelle\u015ftirici ayarlar\u0131n\u0131z\u0131 do\u011frudan \u00f6zelle\u015ftirici aray\u00fcz\u00fcnden d\u0131\u015fa veya i\u00e7e aktarman\u0131za olanak tan\u0131r! Teman\u0131z ayarlar\u0131 i\u00e7in WordPress \u00f6zelle\u015ftiricisini kullan\u0131yorsa, bu eklenti tam size g\u00f6re!<\/p>\n","protected":false},"featured_media":13108,"comment_status":"open","ping_status":"closed","template":"","meta":[],"product_brand":[],"product_cat":[1413],"product_tag":[1694,1691,2017,2441,1959],"class_list":{"0":"post-14099","1":"product","2":"type-product","3":"status-publish","4":"has-post-thumbnail","6":"product_cat-eklentiler","7":"product_tag-ihracat","8":"product_tag-ithalat","9":"product_tag-ozellestirici","10":"product_tag-ozellestirici-disa-aktarma","11":"product_tag-ozellestirici-ice-aktarma","13":"first","14":"instock","15":"downloadable","16":"virtual","17":"product-type-simple"},"_links":{"self":[{"href":"https:\/\/hexexist.com\/tr\/wp-json\/wp\/v2\/product\/14099","targetHints":{"allow":["GET"]}}],"collection":[{"href":"https:\/\/hexexist.com\/tr\/wp-json\/wp\/v2\/product"}],"about":[{"href":"https:\/\/hexexist.com\/tr\/wp-json\/wp\/v2\/types\/product"}],"replies":[{"embeddable":true,"href":"https:\/\/hexexist.com\/tr\/wp-json\/wp\/v2\/comments?post=14099"}],"wp:featuredmedia":[{"embeddable":true,"href":"https:\/\/hexexist.com\/tr\/wp-json\/wp\/v2\/media\/13108"}],"wp:attachment":[{"href":"https:\/\/hexexist.com\/tr\/wp-json\/wp\/v2\/media?parent=14099"}],"wp:term":[{"taxonomy":"product_brand","embeddable":true,"href":"https:\/\/hexexist.com\/tr\/wp-json\/wp\/v2\/product_brand?post=14099"},{"taxonomy":"product_cat","embeddable":true,"href":"https:\/\/hexexist.com\/tr\/wp-json\/wp\/v2\/product_cat?post=14099"},{"taxonomy":"product_tag","embeddable":true,"href":"https:\/\/hexexist.com\/tr\/wp-json\/wp\/v2\/product_tag?post=14099"}],"curies":[{"name":"wp","href":"https:\/\/api.w.org\/{rel}","templated":true}]}}