{"id":14100,"date":"2025-10-09T09:50:03","date_gmt":"2025-10-09T09:50:03","guid":{"rendered":"http:\/\/hexexist.com\/product\/amazon-ses-postmark-ve-diger-saglayicilar-ile-suremail-smtp-ve-e-posta-gunlukleri-eklentisi\/"},"modified":"2025-10-09T09:50:03","modified_gmt":"2025-10-09T09:50:03","slug":"amazon-ses-postmark-ve-diger-saglayicilar-ile-suremail-smtp-ve-e-posta-gunlukleri-eklentisi","status":"publish","type":"product","link":"https:\/\/hexexist.com\/tr\/urun\/amazon-ses-postmark-ve-diger-saglayicilar-ile-suremail-smtp-ve-e-posta-gunlukleri-eklentisi\/","title":{"rendered":"Amazon SES, Postmark ve Di\u011fer Sa\u011flay\u0131c\u0131lar ile SureMail SMTP ve E-posta G\u00fcnl\u00fckleri Eklentisi"},"content":{"rendered":"<p>SureMail&#8217;de, ister i\u015flemsel bir e-posta, ister bir b\u00fclten veya \u00f6nemli bir bildirim olsun, e-postalar\u0131n\u0131z\u0131n hedef kitlenize ula\u015fmas\u0131n\u0131n ne kadar \u00f6nemli oldu\u011funu anl\u0131yoruz. Bu nedenle SureMail&#8217;i e-posta g\u00f6nderim hatalar\u0131n\u0131 ortadan kald\u0131rmaya ve WordPress kullan\u0131c\u0131lar\u0131 i\u00e7in g\u00fcvenilir bir \u00e7\u00f6z\u00fcm sa\u011flamaya odaklanarak olu\u015fturduk.<\/p>\n","protected":false},"excerpt":{"rendered":"<p>SureMail&#8217;de, ister i\u015flemsel bir e-posta, ister bir b\u00fclten veya \u00f6nemli bir bildirim olsun, e-postalar\u0131n\u0131z\u0131n hedef kitlenize ula\u015fmas\u0131n\u0131n ne kadar \u00f6nemli oldu\u011funu anl\u0131yoruz. Bu nedenle SureMail&#8217;i e-posta g\u00f6nderim hatalar\u0131n\u0131 ortadan kald\u0131rmaya ve WordPress kullan\u0131c\u0131lar\u0131 i\u00e7in g\u00fcvenilir bir \u00e7\u00f6z\u00fcm sa\u011flamaya odaklanarak olu\u015fturduk.<\/p>\n","protected":false},"featured_media":13101,"comment_status":"open","ping_status":"closed","template":"","meta":[],"product_brand":[],"product_cat":[1413],"product_tag":[1605,2442,2444,2443,1661],"class_list":{"0":"post-14100","1":"product","2":"type-product","3":"status-publish","4":"has-post-thumbnail","6":"product_cat-eklentiler","7":"product_tag-e-posta","8":"product_tag-e-posta-gunlukleri","9":"product_tag-gmail-smtp-tr","10":"product_tag-gorunum","11":"product_tag-smtp-tr","13":"first","14":"instock","15":"downloadable","16":"virtual","17":"product-type-simple"},"_links":{"self":[{"href":"https:\/\/hexexist.com\/tr\/wp-json\/wp\/v2\/product\/14100","targetHints":{"allow":["GET"]}}],"collection":[{"href":"https:\/\/hexexist.com\/tr\/wp-json\/wp\/v2\/product"}],"about":[{"href":"https:\/\/hexexist.com\/tr\/wp-json\/wp\/v2\/types\/product"}],"replies":[{"embeddable":true,"href":"https:\/\/hexexist.com\/tr\/wp-json\/wp\/v2\/comments?post=14100"}],"wp:featuredmedia":[{"embeddable":true,"href":"https:\/\/hexexist.com\/tr\/wp-json\/wp\/v2\/media\/13101"}],"wp:attachment":[{"href":"https:\/\/hexexist.com\/tr\/wp-json\/wp\/v2\/media?parent=14100"}],"wp:term":[{"taxonomy":"product_brand","embeddable":true,"href":"https:\/\/hexexist.com\/tr\/wp-json\/wp\/v2\/product_brand?post=14100"},{"taxonomy":"product_cat","embeddable":true,"href":"https:\/\/hexexist.com\/tr\/wp-json\/wp\/v2\/product_cat?post=14100"},{"taxonomy":"product_tag","embeddable":true,"href":"https:\/\/hexexist.com\/tr\/wp-json\/wp\/v2\/product_tag?post=14100"}],"curies":[{"name":"wp","href":"https:\/\/api.w.org\/{rel}","templated":true}]}}