{"id":14101,"date":"2025-10-09T09:50:04","date_gmt":"2025-10-09T09:50:04","guid":{"rendered":"http:\/\/hexexist.com\/product\/ozel-twitter-beslemeleri-bir-tweetler-widgeti-veya-x-besleme-widgeti\/"},"modified":"2025-10-09T09:50:04","modified_gmt":"2025-10-09T09:50:04","slug":"ozel-twitter-beslemeleri-bir-tweetler-widgeti-veya-x-besleme-widgeti","status":"publish","type":"product","link":"https:\/\/hexexist.com\/tr\/urun\/ozel-twitter-beslemeleri-bir-tweetler-widgeti-veya-x-besleme-widgeti\/","title":{"rendered":"\u00d6zel Twitter Beslemeleri Bir Tweetler Widget&#8217;\u0131 veya X Besleme Widget&#8217;\u0131"},"content":{"rendered":"<p>Web sitenizde tamamen \u00f6zelle\u015ftirilebilir, duyarl\u0131 ve arama motoru taraf\u0131ndan taranabilir bir X beslemesi veya Twitter beslemesi g\u00f6r\u00fcnt\u00fcleyin. \u00d6zel Twitter Beslemeleri eklentisi, sitenizin g\u00f6r\u00fcn\u00fcm\u00fcne ve hissine tamamen uyan ve tonlarca \u00f6zelle\u015ftirme se\u00e7ene\u011fi i\u00e7eren herhangi bir kullan\u0131c\u0131 zaman \u00e7izelgesi g\u00f6nderisini veya tweetini g\u00f6r\u00fcnt\u00fcler! <\/p>\n","protected":false},"excerpt":{"rendered":"<p>Web sitenizde tamamen \u00f6zelle\u015ftirilebilir, duyarl\u0131 ve arama motoru taraf\u0131ndan taranabilir bir X beslemesi veya Twitter beslemesi g\u00f6r\u00fcnt\u00fcleyin. \u00d6zel Twitter Beslemeleri eklentisi, sitenizin g\u00f6r\u00fcn\u00fcm\u00fcne ve hissine tamamen uyan ve tonlarca \u00f6zelle\u015ftirme se\u00e7ene\u011fi i\u00e7eren herhangi bir kullan\u0131c\u0131 zaman \u00e7izelgesi g\u00f6nderisini veya tweetini g\u00f6r\u00fcnt\u00fcler!<\/p>\n","protected":false},"featured_media":13107,"comment_status":"open","ping_status":"closed","template":"","meta":[],"product_brand":[],"product_cat":[1413],"product_tag":[2445,2355,2446,2447],"class_list":{"0":"post-14101","1":"product","2":"type-product","3":"status-publish","4":"has-post-thumbnail","6":"product_cat-eklentiler","7":"product_tag-ozel-twitter-akisi","8":"product_tag-twitter-tr","9":"product_tag-twitter-akisi","10":"product_tag-twitter-widgeti","12":"first","13":"instock","14":"downloadable","15":"virtual","16":"product-type-simple"},"_links":{"self":[{"href":"https:\/\/hexexist.com\/tr\/wp-json\/wp\/v2\/product\/14101","targetHints":{"allow":["GET"]}}],"collection":[{"href":"https:\/\/hexexist.com\/tr\/wp-json\/wp\/v2\/product"}],"about":[{"href":"https:\/\/hexexist.com\/tr\/wp-json\/wp\/v2\/types\/product"}],"replies":[{"embeddable":true,"href":"https:\/\/hexexist.com\/tr\/wp-json\/wp\/v2\/comments?post=14101"}],"wp:featuredmedia":[{"embeddable":true,"href":"https:\/\/hexexist.com\/tr\/wp-json\/wp\/v2\/media\/13107"}],"wp:attachment":[{"href":"https:\/\/hexexist.com\/tr\/wp-json\/wp\/v2\/media?parent=14101"}],"wp:term":[{"taxonomy":"product_brand","embeddable":true,"href":"https:\/\/hexexist.com\/tr\/wp-json\/wp\/v2\/product_brand?post=14101"},{"taxonomy":"product_cat","embeddable":true,"href":"https:\/\/hexexist.com\/tr\/wp-json\/wp\/v2\/product_cat?post=14101"},{"taxonomy":"product_tag","embeddable":true,"href":"https:\/\/hexexist.com\/tr\/wp-json\/wp\/v2\/product_tag?post=14101"}],"curies":[{"name":"wp","href":"https:\/\/api.w.org\/{rel}","templated":true}]}}