{"id":14102,"date":"2025-10-09T09:50:04","date_gmt":"2025-10-09T09:50:04","guid":{"rendered":"http:\/\/hexexist.com\/product\/yoast-seo-icin-acf-icerik-analizi\/"},"modified":"2025-10-09T09:50:04","modified_gmt":"2025-10-09T09:50:04","slug":"yoast-seo-icin-acf-icerik-analizi","status":"publish","type":"product","link":"https:\/\/hexexist.com\/tr\/urun\/yoast-seo-icin-acf-icerik-analizi\/","title":{"rendered":"Yoast SEO i\u00e7in ACF \u0130\u00e7erik Analizi"},"content":{"rendered":"<p>Bu eklenti Yoast SEO&#8217;nun Esnek \u0130\u00e7erik ve Tekrarlay\u0131c\u0131lar dahil t\u00fcm ACF i\u00e7eri\u011fini analiz etmesini sa\u011flar.<\/p>\n","protected":false},"excerpt":{"rendered":"<p>Bu eklenti Yoast SEO&#8217;nun Esnek \u0130\u00e7erik ve Tekrarlay\u0131c\u0131lar dahil t\u00fcm ACF i\u00e7eri\u011fini analiz etmesini sa\u011flar.<\/p>\n","protected":false},"featured_media":13106,"comment_status":"open","ping_status":"closed","template":"","meta":[],"product_brand":[],"product_cat":[1413],"product_tag":[1970,2448,1972,1583,2449],"class_list":{"0":"post-14102","1":"product","2":"type-product","3":"status-publish","4":"has-post-thumbnail","6":"product_cat-eklentiler","7":"product_tag-acf-tr","8":"product_tag-analiz","9":"product_tag-gelismis-ozel-alanlar","10":"product_tag-seo-tr","11":"product_tag-yoast-tr","13":"first","14":"instock","15":"downloadable","16":"virtual","17":"product-type-simple"},"_links":{"self":[{"href":"https:\/\/hexexist.com\/tr\/wp-json\/wp\/v2\/product\/14102","targetHints":{"allow":["GET"]}}],"collection":[{"href":"https:\/\/hexexist.com\/tr\/wp-json\/wp\/v2\/product"}],"about":[{"href":"https:\/\/hexexist.com\/tr\/wp-json\/wp\/v2\/types\/product"}],"replies":[{"embeddable":true,"href":"https:\/\/hexexist.com\/tr\/wp-json\/wp\/v2\/comments?post=14102"}],"wp:featuredmedia":[{"embeddable":true,"href":"https:\/\/hexexist.com\/tr\/wp-json\/wp\/v2\/media\/13106"}],"wp:attachment":[{"href":"https:\/\/hexexist.com\/tr\/wp-json\/wp\/v2\/media?parent=14102"}],"wp:term":[{"taxonomy":"product_brand","embeddable":true,"href":"https:\/\/hexexist.com\/tr\/wp-json\/wp\/v2\/product_brand?post=14102"},{"taxonomy":"product_cat","embeddable":true,"href":"https:\/\/hexexist.com\/tr\/wp-json\/wp\/v2\/product_cat?post=14102"},{"taxonomy":"product_tag","embeddable":true,"href":"https:\/\/hexexist.com\/tr\/wp-json\/wp\/v2\/product_tag?post=14102"}],"curies":[{"name":"wp","href":"https:\/\/api.w.org\/{rel}","templated":true}]}}